{"id":408,"date":"2024-03-06T10:40:10","date_gmt":"2024-03-06T10:40:10","guid":{"rendered":"https:\/\/fenster-passiv.de\/?page_id=408"},"modified":"2025-04-23T17:56:02","modified_gmt":"2025-04-23T17:56:02","slug":"hst-passiv-eckenansicht-schiebefenster","status":"publish","type":"page","link":"https:\/\/fenster-passiv.de\/de\/angebot\/pvc-fenster\/terrassenschiebefenster\/hst-passiv-eckenansicht-schiebefenster\/","title":{"rendered":"Okna Tarasowe Przesuwne &#8211; HST PASSIV CORNER VIEW"},"content":{"rendered":"<div data-elementor-type=\"wp-page\" data-elementor-id=\"408\" class=\"elementor elementor-408\" data-elementor-post-type=\"page\">\n\t\t\t\t<div class=\"elementor-element elementor-element-15eb901 e-flex e-con-boxed e-con e-parent\" data-id=\"15eb901\" data-element_type=\"container\" data-settings=\"{&quot;background_background&quot;:&quot;classic&quot;}\">\n\t\t\t\t\t<div class=\"e-con-inner\">\n\t\t<div class=\"elementor-element elementor-element-90fb163 e-flex e-con-boxed e-con e-child\" data-id=\"90fb163\" data-element_type=\"container\">\n\t\t\t\t\t<div class=\"e-con-inner\">\n\t\t\t\t<div class=\"elementor-element elementor-element-98afba3 elementor-widget elementor-widget-heading\" data-id=\"98afba3\" data-element_type=\"widget\" data-widget_type=\"heading.default\">\n\t\t\t\t<div class=\"elementor-widget-container\">\n\t\t\t\t\t<p class=\"elementor-heading-title elementor-size-default\">PVC-FENSTER<\/p>\t\t\t\t<\/div>\n\t\t\t\t<\/div>\n\t\t\t\t<div class=\"elementor-element elementor-element-8faa390 elementor-widget elementor-widget-heading\" data-id=\"8faa390\" data-element_type=\"widget\" data-widget_type=\"heading.default\">\n\t\t\t\t<div class=\"elementor-widget-container\">\n\t\t\t\t\t<h1 class=\"elementor-heading-title elementor-size-default\">Terrassenschiebefenster<\/h1>\t\t\t\t<\/div>\n\t\t\t\t<\/div>\n\t\t\t\t<div class=\"elementor-element elementor-element-a60d456 elementor-align-left elementor-widget elementor-widget-button\" data-id=\"a60d456\" data-element_type=\"widget\" data-widget_type=\"button.default\">\n\t\t\t\t<div class=\"elementor-widget-container\">\n\t\t\t\t\t\t\t\t\t<div class=\"elementor-button-wrapper\">\n\t\t\t\t\t<a class=\"elementor-button elementor-button-link elementor-size-xs\" href=\"https:\/\/fenster-passiv.de\/de\/angebot\/\">\n\t\t\t\t\t\t<span class=\"elementor-button-content-wrapper\">\n\t\t\t\t\t\t\t\t\t<span class=\"elementor-button-text\">VERWEIGERN<\/span>\n\t\t\t\t\t<\/span>\n\t\t\t\t\t<\/a>\n\t\t\t\t<\/div>\n\t\t\t\t\t\t\t\t<\/div>\n\t\t\t\t<\/div>\n\t\t\t\t\t<\/div>\n\t\t\t\t<\/div>\n\t\t\t\t\t<\/div>\n\t\t\t\t<\/div>\n\t\t<div class=\"elementor-element elementor-element-b789f93 e-flex e-con-boxed e-con e-parent\" data-id=\"b789f93\" data-element_type=\"container\">\n\t\t\t\t\t<div class=\"e-con-inner\">\n\t\t<div class=\"elementor-element elementor-element-ca35fbb e-con-full e-flex e-con e-child\" data-id=\"ca35fbb\" data-element_type=\"container\" data-settings=\"{&quot;background_background&quot;:&quot;classic&quot;}\">\n\t\t\t\t<\/div>\n\t\t<div class=\"elementor-element elementor-element-560a045 e-con-full e-flex e-con e-child\" data-id=\"560a045\" data-element_type=\"container\">\n\t\t\t\t<div class=\"elementor-element elementor-element-e229cf1 elementor-widget elementor-widget-heading\" data-id=\"e229cf1\" data-element_type=\"widget\" data-widget_type=\"heading.default\">\n\t\t\t\t<div class=\"elementor-widget-container\">\n\t\t\t\t\t<p class=\"elementor-heading-title elementor-size-default\">TERRASSENSCHIEBEFENSTER<\/p>\t\t\t\t<\/div>\n\t\t\t\t<\/div>\n\t\t\t\t<div class=\"elementor-element elementor-element-0049471 elementor-widget elementor-widget-heading\" data-id=\"0049471\" data-element_type=\"widget\" data-widget_type=\"heading.default\">\n\t\t\t\t<div class=\"elementor-widget-container\">\n\t\t\t\t\t<h2 class=\"elementor-heading-title elementor-size-default\">ADAMS FENSTER HST PASSIV ECKANSICHT<\/h2>\t\t\t\t<\/div>\n\t\t\t\t<\/div>\n\t\t\t\t<div class=\"elementor-element elementor-element-543d5d2 elementor-widget elementor-widget-text-editor\" data-id=\"543d5d2\" data-element_type=\"widget\" data-widget_type=\"text-editor.default\">\n\t\t\t\t<div class=\"elementor-widget-container\">\n\t\t\t\t\t\t\t\t\t<p>Die HST-Schiebefenster werden in unserem Land immer beliebter. Nicht umsonst verleiht ihr modernes Aussehen den Geb\u00e4uden Charakter, versch\u00f6nert sie und l\u00e4sst sie eleganter erscheinen. Und wer m\u00f6chte nicht, dass sein Haus Bewunderung erregt und sich durch ein interessantes, originelles Design auszeichnet? Die gro\u00dfe Glasfl\u00e4che dieser Fenster versorgt das Innere des Geb\u00e4udes mit einer enormen Menge an nat\u00fcrlichem Tageslicht. Die R\u00e4ume werden besser beleuchtet, was die Freizeitgestaltung der Bewohner sicherlich angenehmer und komfortabler macht.<\/p>\t\t\t\t\t\t\t\t<\/div>\n\t\t\t\t<\/div>\n\t\t\t\t<div class=\"elementor-element elementor-element-b92e870 elementor-align-left elementor-hidden-desktop elementor-hidden-tablet elementor-hidden-mobile elementor-widget elementor-widget-button\" data-id=\"b92e870\" data-element_type=\"widget\" data-widget_type=\"button.default\">\n\t\t\t\t<div class=\"elementor-widget-container\">\n\t\t\t\t\t\t\t\t\t<div class=\"elementor-button-wrapper\">\n\t\t\t\t\t<a class=\"elementor-button elementor-button-link elementor-size-xs\" href=\"#\">\n\t\t\t\t\t\t<span class=\"elementor-button-content-wrapper\">\n\t\t\t\t\t\t\t\t\t<span class=\"elementor-button-text\">SIEHE FARBVARIANTEN<\/span>\n\t\t\t\t\t<\/span>\n\t\t\t\t\t<\/a>\n\t\t\t\t<\/div>\n\t\t\t\t\t\t\t\t<\/div>\n\t\t\t\t<\/div>\n\t\t\t\t<\/div>\n\t\t\t\t\t<\/div>\n\t\t\t\t<\/div>\n\t\t<div class=\"elementor-element elementor-element-2c6b438 e-flex e-con-boxed e-con e-parent\" data-id=\"2c6b438\" data-element_type=\"container\">\n\t\t\t\t\t<div class=\"e-con-inner\">\n\t\t\t\t<div class=\"elementor-element elementor-element-87200f8 elementor-widget elementor-widget-image\" data-id=\"87200f8\" data-element_type=\"widget\" data-widget_type=\"image.default\">\n\t\t\t\t<div class=\"elementor-widget-container\">\n\t\t\t\t\t\t\t\t\t\t\t\t\t\t\t<img fetchpriority=\"high\" decoding=\"async\" width=\"270\" height=\"270\" src=\"https:\/\/fenster-passiv.de\/wp-content\/uploads\/2024\/04\/6-1.webp\" class=\"attachment-full size-full wp-image-906\" alt=\"\" srcset=\"https:\/\/fenster-passiv.de\/wp-content\/uploads\/2024\/04\/6-1.webp 177w, https:\/\/fenster-passiv.de\/wp-content\/uploads\/2024\/04\/6-1-150x150.webp 150w, https:\/\/fenster-passiv.de\/wp-content\/uploads\/2024\/04\/6-1-12x12.webp 12w\" sizes=\"(max-width: 270px) 100vw, 270px\" \/>\t\t\t\t\t\t\t\t\t\t\t\t\t\t\t<\/div>\n\t\t\t\t<\/div>\n\t\t\t\t<div class=\"elementor-element elementor-element-b595fc3 elementor-widget elementor-widget-image\" data-id=\"b595fc3\" data-element_type=\"widget\" data-widget_type=\"image.default\">\n\t\t\t\t<div class=\"elementor-widget-container\">\n\t\t\t\t\t\t\t\t\t\t\t\t\t\t\t<img decoding=\"async\" width=\"270\" height=\"270\" src=\"https:\/\/fenster-passiv.de\/wp-content\/uploads\/2024\/04\/gwarancja_50.webp\" class=\"attachment-full size-full wp-image-907\" alt=\"Informationen \u00fcber die 50-monatige Garantie auf Terrassenschiebefenster.\" srcset=\"https:\/\/fenster-passiv.de\/wp-content\/uploads\/2024\/04\/gwarancja_50.webp 177w, https:\/\/fenster-passiv.de\/wp-content\/uploads\/2024\/04\/gwarancja_50-150x150.webp 150w, https:\/\/fenster-passiv.de\/wp-content\/uploads\/2024\/04\/gwarancja_50-12x12.webp 12w\" sizes=\"(max-width: 270px) 100vw, 270px\" \/>\t\t\t\t\t\t\t\t\t\t\t\t\t\t\t<\/div>\n\t\t\t\t<\/div>\n\t\t\t\t<div class=\"elementor-element elementor-element-e7f4ffa elementor-widget elementor-widget-image\" data-id=\"e7f4ffa\" data-element_type=\"widget\" data-widget_type=\"image.default\">\n\t\t\t\t<div class=\"elementor-widget-container\">\n\t\t\t\t\t\t\t\t\t\t\t\t\t\t\t<img decoding=\"async\" width=\"270\" height=\"270\" src=\"https:\/\/fenster-passiv.de\/wp-content\/uploads\/2024\/04\/opcja_pilot.webp\" class=\"attachment-full size-full wp-image-908\" alt=\"Infografik \u00fcber die M\u00f6glichkeit, Jalousien oder Rolll\u00e4den, die an den Schiebefenstern der Terrasse angebracht sind, per Fernbedienung zu steuern.\" srcset=\"https:\/\/fenster-passiv.de\/wp-content\/uploads\/2024\/04\/opcja_pilot.webp 177w, https:\/\/fenster-passiv.de\/wp-content\/uploads\/2024\/04\/opcja_pilot-150x150.webp 150w, https:\/\/fenster-passiv.de\/wp-content\/uploads\/2024\/04\/opcja_pilot-12x12.webp 12w\" sizes=\"(max-width: 270px) 100vw, 270px\" \/>\t\t\t\t\t\t\t\t\t\t\t\t\t\t\t<\/div>\n\t\t\t\t<\/div>\n\t\t\t\t<div class=\"elementor-element elementor-element-46a7222 elementor-widget elementor-widget-image\" data-id=\"46a7222\" data-element_type=\"widget\" data-widget_type=\"image.default\">\n\t\t\t\t<div class=\"elementor-widget-container\">\n\t\t\t\t\t\t\t\t\t\t\t\t\t\t\t<img loading=\"lazy\" decoding=\"async\" width=\"270\" height=\"270\" src=\"https:\/\/fenster-passiv.de\/wp-content\/uploads\/2024\/04\/5.webp\" class=\"attachment-full size-full wp-image-879\" alt=\"\" srcset=\"https:\/\/fenster-passiv.de\/wp-content\/uploads\/2024\/04\/5.webp 177w, https:\/\/fenster-passiv.de\/wp-content\/uploads\/2024\/04\/5-150x150.webp 150w, https:\/\/fenster-passiv.de\/wp-content\/uploads\/2024\/04\/5-12x12.webp 12w\" sizes=\"(max-width: 270px) 100vw, 270px\" \/>\t\t\t\t\t\t\t\t\t\t\t\t\t\t\t<\/div>\n\t\t\t\t<\/div>\n\t\t\t\t<div class=\"elementor-element elementor-element-9820ba7 elementor-widget elementor-widget-image\" data-id=\"9820ba7\" data-element_type=\"widget\" data-widget_type=\"image.default\">\n\t\t\t\t<div class=\"elementor-widget-container\">\n\t\t\t\t\t\t\t\t\t\t\t\t\t\t\t<img loading=\"lazy\" decoding=\"async\" width=\"270\" height=\"270\" src=\"https:\/\/fenster-passiv.de\/wp-content\/uploads\/2024\/04\/2.webp\" class=\"attachment-full size-full wp-image-909\" alt=\"Infografik \u00fcber die Energieeffizienz von Terrassenschiebefenstern.\" srcset=\"https:\/\/fenster-passiv.de\/wp-content\/uploads\/2024\/04\/2.webp 177w, https:\/\/fenster-passiv.de\/wp-content\/uploads\/2024\/04\/2-150x150.webp 150w, https:\/\/fenster-passiv.de\/wp-content\/uploads\/2024\/04\/2-12x12.webp 12w\" sizes=\"(max-width: 270px) 100vw, 270px\" \/>\t\t\t\t\t\t\t\t\t\t\t\t\t\t\t<\/div>\n\t\t\t\t<\/div>\n\t\t\t\t<div class=\"elementor-element elementor-element-caf2d02 elementor-widget elementor-widget-image\" data-id=\"caf2d02\" data-element_type=\"widget\" data-widget_type=\"image.default\">\n\t\t\t\t<div class=\"elementor-widget-container\">\n\t\t\t\t\t\t\t\t\t\t\t\t\t\t\t<img loading=\"lazy\" decoding=\"async\" width=\"270\" height=\"270\" src=\"https:\/\/fenster-passiv.de\/wp-content\/uploads\/2024\/04\/szczelno.webp\" class=\"attachment-full size-full wp-image-910\" alt=\"Infografik \u00fcber die Leistung von Aluminium- und PVC-Fenstern mit Informationen zur Luftdichtheit.\" srcset=\"https:\/\/fenster-passiv.de\/wp-content\/uploads\/2024\/04\/szczelno.webp 177w, https:\/\/fenster-passiv.de\/wp-content\/uploads\/2024\/04\/szczelno-150x150.webp 150w, https:\/\/fenster-passiv.de\/wp-content\/uploads\/2024\/04\/szczelno-12x12.webp 12w\" sizes=\"(max-width: 270px) 100vw, 270px\" \/>\t\t\t\t\t\t\t\t\t\t\t\t\t\t\t<\/div>\n\t\t\t\t<\/div>\n\t\t\t\t<div class=\"elementor-element elementor-element-7e19606 elementor-widget elementor-widget-image\" data-id=\"7e19606\" data-element_type=\"widget\" data-widget_type=\"image.default\">\n\t\t\t\t<div class=\"elementor-widget-container\">\n\t\t\t\t\t\t\t\t\t\t\t\t\t\t\t<img loading=\"lazy\" decoding=\"async\" width=\"270\" height=\"270\" src=\"https:\/\/fenster-passiv.de\/wp-content\/uploads\/2024\/04\/okno_pasywne_DE.webp\" class=\"attachment-full size-full wp-image-1194\" alt=\"Fenster-Infografik mit Informationen - Passivfenster.\" srcset=\"https:\/\/fenster-passiv.de\/wp-content\/uploads\/2024\/04\/okno_pasywne_DE.webp 177w, https:\/\/fenster-passiv.de\/wp-content\/uploads\/2024\/04\/okno_pasywne_DE-150x150.webp 150w, https:\/\/fenster-passiv.de\/wp-content\/uploads\/2024\/04\/okno_pasywne_DE-12x12.webp 12w\" sizes=\"(max-width: 270px) 100vw, 270px\" \/>\t\t\t\t\t\t\t\t\t\t\t\t\t\t\t<\/div>\n\t\t\t\t<\/div>\n\t\t\t\t\t<\/div>\n\t\t\t\t<\/div>\n\t\t<div class=\"elementor-element elementor-element-358b01b e-flex e-con-boxed e-con e-parent\" data-id=\"358b01b\" data-element_type=\"container\">\n\t\t\t\t\t<div class=\"e-con-inner\">\n\t\t\t\t<div class=\"elementor-element elementor-element-4e40ee0 elementor-widget elementor-widget-heading\" data-id=\"4e40ee0\" data-element_type=\"widget\" data-widget_type=\"heading.default\">\n\t\t\t\t<div class=\"elementor-widget-container\">\n\t\t\t\t\t<p class=\"elementor-heading-title elementor-size-default\">HST PASSIV ECKSICHTFENSTER<\/p>\t\t\t\t<\/div>\n\t\t\t\t<\/div>\n\t\t\t\t<div class=\"elementor-element elementor-element-f36ab25 elementor-widget elementor-widget-heading\" data-id=\"f36ab25\" data-element_type=\"widget\" data-widget_type=\"heading.default\">\n\t\t\t\t<div class=\"elementor-widget-container\">\n\t\t\t\t\t<h3 class=\"elementor-heading-title elementor-size-default\">Weitere Informationen<\/h3>\t\t\t\t<\/div>\n\t\t\t\t<\/div>\n\t\t\t\t<div class=\"elementor-element elementor-element-532a186 elementor-widget elementor-widget-text-editor\" data-id=\"532a186\" data-element_type=\"widget\" data-widget_type=\"text-editor.default\">\n\t\t\t\t<div class=\"elementor-widget-container\">\n\t\t\t\t\t\t\t\t\t<p>Die Profile, die wir Ihnen anbieten k\u00f6nnen, sind die Adams HST PASSIV CORNER VIEW. Es wurde mit der Goldmedaille der Messe Pozna\u0144 2017 ausgezeichnet und ist ein hochmodernes und innovatives Produkt, das bei den Kunden sehr beliebt ist und wirtschaftliche Vorteile, Benutzerkomfort und Energieeinsparungen vereint. Die Schiebefenster Adams HST PASSIV CORNER VIEW sind hochfunktional - bei ihrer Herstellung wurden fortschrittliche technische L\u00f6sungen verwendet, die ihre Nutzung einfach und angenehm machen. Sie zeichnen sich durch einen abgesenkten Festfl\u00fcgel und eine Eckverglasung mit STEP-Technologie aus, wodurch sich diese Profile perfekt in die aktuellen architektonischen Trends einf\u00fcgen. Die HST-Portalbeschl\u00e4ge von Siegenia erm\u00f6glichen eine m\u00fchelose und freie Bewegung der beweglichen Teile. Das erfordert keinen Kraftaufwand, die T\u00fcr bietet keinen Widerstand, so dass auch \u00e4ltere oder kranke Menschen sie sicher bew\u00e4ltigen k\u00f6nnen. Dar\u00fcber hinaus besteht die M\u00f6glichkeit, einen elektrischen Antrieb zu verwenden, mit dem das \u00d6ffnen oder Schlie\u00dfen gesteuert werden kann, ohne vom Sofa aufzustehen. Ein wichtiges Designelement der HST PASSIV CORNER VIEW Schiebefenster ist die niedrige, flache Schwelle, die eine Stolpergefahr ausschlie\u00dft und somit die Sicherheit von Kindern und \u00e4lteren Menschen erh\u00f6ht. Rollst\u00fchle k\u00f6nnen die Schwelle problemlos passieren, was in H\u00e4usern, in denen behinderte Menschen leben, eine erhebliche Verbesserung darstellt. Alles in allem sind die Fenster \u00e4u\u00dferst robust und langlebig, gleichzeitig aber auch leicht und einfach im t\u00e4glichen Gebrauch.<\/p><h3>Fenster mit geringer W\u00e4rmeleitf\u00e4higkeit<\/h3><p>Die Schiebefenster Adams HST PASSIV CORNER VIEW zeichnen sich durch sehr gute Energiespareigenschaften aus. Der W\u00e4rmedurchgangskoeffizient bleibt auf dem niedrigen, zufriedenstellenden Niveau von Uw 0,68 W\/(m2*K). Die Reduzierung der Energieverluste wird unter anderem durch die Erh\u00f6hung des Anteils der verglasten Fl\u00e4chen an der Gesamtfl\u00e4che des Produkts erm\u00f6glicht. Dies hat zur Folge, dass der passive Entzug von W\u00e4rmeenergie aus der Sonnenstrahlung im Herbst und Winter deutlich erh\u00f6ht wird.<\/p><p>HST-Fenster werden aus Verbundwerkstoffen mit Polyurethankern hergestellt, die zus\u00e4tzlich mit Glasfasern verst\u00e4rkt sind. Dies reduziert den W\u00e4rmeverlust und gew\u00e4hrleistet einen hohen thermischen Komfort. HST PASSIV CORNER VIEW-Fenster sind perfekt luftdicht und garantieren den h\u00f6chsten Schutz gegen widrige Wetterbedingungen, wie z.B. St\u00fcrme und heftige Unwetter. Sie sch\u00fctzen die Innenr\u00e4ume von Geb\u00e4uden vor \u00fcberm\u00e4\u00dfigem L\u00e4rm und bieten Wasserdichtigkeit auf h\u00f6chstem Niveau. <strong>Diese Profile erreichen in Luftdurchl\u00e4ssigkeitstests die Klasse 4, was hervorragend ist und die Verwendung in allen Arten von Geb\u00e4uden erm\u00f6glicht.<\/strong>und vor allem in Geb\u00e4uden, die mit mechanischen Be- und Entl\u00fcftungssystemen mit Rekuperation ausgestattet sind. Erw\u00e4hnenswert ist auch, dass die Adams HST PASSIV CORNER Schiebefenster keine sch\u00e4dlichen Stoffe enthalten und alle ihre Bestandteile recycelt werden k\u00f6nnen. Der Produktionsprozess wird stets mit besonderer Sorgfalt f\u00fcr einen optimalen Material- und Energieverbrauch durchgef\u00fchrt.<\/p><h3>M\u00fcssen Schiebefenster teuer sein?<\/h3><p>Ein zus\u00e4tzlicher Vorteil der HST PASSIV CORNER VIEW Schiebefenster, der nicht weniger wichtig ist als die anderen, ist sicherlich ihr konkurrenzf\u00e4higer Preis im Vergleich zu \u00e4hnlichen Produkten aus Holz oder Aluminium. Dieser Faktor sollte beim Bau eines Hauses oder bei einer umfassenden Renovierung ber\u00fccksichtigt werden. M\u00f6chte nicht jeder ein Produkt von au\u00dfergew\u00f6hnlicher Qualit\u00e4t finden, ohne seinen Geldbeutel zu ruinieren? Wichtig scheint auch die Vielzahl der verf\u00fcgbaren Fensterfarben zu sein, die den Kunden eine freie Gestaltung von Terrassen-, Balkon- und Gartenausg\u00e4ngen erm\u00f6glicht.<\/p>\t\t\t\t\t\t\t\t<\/div>\n\t\t\t\t<\/div>\n\t\t\t\t\t<\/div>\n\t\t\t\t<\/div>\n\t\t\t\t<\/div>","protected":false},"excerpt":{"rendered":"<p>OKNA PCV Okna Tarasowe Przesuwne COFNIJ OKNA TARASOWE PRZESUWNE OKNA ADAMS HST PASSIV CORNER VIEW Okna przesuwne typu HST zyskuj\u0105 w naszym kraju coraz wi\u0119ksz\u0105 popularno\u015b\u0107. Nie bez znaczenia \u00a0z pewno\u015bci\u0105 jest to, i\u017c ich nowoczesny wygl\u0105d dodaje budynkom charakteru, upi\u0119ksza je i sprawia, \u017ce wygl\u0105daj\u0105 bardziej elegancko. A kt\u00f3\u017c z nas nie chcia\u0142by, aby [&hellip;]<\/p>","protected":false},"author":1,"featured_media":410,"parent":380,"menu_order":0,"comment_status":"closed","ping_status":"closed","template":"","meta":{"footnotes":""},"class_list":["post-408","page","type-page","status-publish","has-post-thumbnail","hentry"],"_links":{"self":[{"href":"https:\/\/fenster-passiv.de\/de\/wp-json\/wp\/v2\/pages\/408","targetHints":{"allow":["GET"]}}],"collection":[{"href":"https:\/\/fenster-passiv.de\/de\/wp-json\/wp\/v2\/pages"}],"about":[{"href":"https:\/\/fenster-passiv.de\/de\/wp-json\/wp\/v2\/types\/page"}],"author":[{"embeddable":true,"href":"https:\/\/fenster-passiv.de\/de\/wp-json\/wp\/v2\/users\/1"}],"replies":[{"embeddable":true,"href":"https:\/\/fenster-passiv.de\/de\/wp-json\/wp\/v2\/comments?post=408"}],"version-history":[{"count":16,"href":"https:\/\/fenster-passiv.de\/de\/wp-json\/wp\/v2\/pages\/408\/revisions"}],"predecessor-version":[{"id":1925,"href":"https:\/\/fenster-passiv.de\/de\/wp-json\/wp\/v2\/pages\/408\/revisions\/1925"}],"up":[{"embeddable":true,"href":"https:\/\/fenster-passiv.de\/de\/wp-json\/wp\/v2\/pages\/380"}],"wp:featuredmedia":[{"embeddable":true,"href":"https:\/\/fenster-passiv.de\/de\/wp-json\/wp\/v2\/media\/410"}],"wp:attachment":[{"href":"https:\/\/fenster-passiv.de\/de\/wp-json\/wp\/v2\/media?parent=408"}],"curies":[{"name":"wp","href":"https:\/\/api.w.org\/{rel}","templated":true}]}}