{"id":398,"date":"2024-03-06T10:39:03","date_gmt":"2024-03-06T10:39:03","guid":{"rendered":"https:\/\/fenster-passiv.de\/?page_id=398"},"modified":"2025-04-23T17:54:39","modified_gmt":"2025-04-23T17:54:39","slug":"vekamotion-82-schiebe-terrassenfenster","status":"publish","type":"page","link":"https:\/\/fenster-passiv.de\/de\/angebot\/pvc-fenster\/terrassenschiebefenster\/vekamotion-82-schiebe-terrassenfenster\/","title":{"rendered":"Okna Tarasowe Przesuwne &#8211; VEKAMOTION 82"},"content":{"rendered":"<div data-elementor-type=\"wp-page\" data-elementor-id=\"398\" class=\"elementor elementor-398\" data-elementor-post-type=\"page\">\n\t\t\t\t<div class=\"elementor-element elementor-element-15eb901 e-flex e-con-boxed e-con e-parent\" data-id=\"15eb901\" data-element_type=\"container\" data-settings=\"{&quot;background_background&quot;:&quot;classic&quot;}\">\n\t\t\t\t\t<div class=\"e-con-inner\">\n\t\t<div class=\"elementor-element elementor-element-90fb163 e-flex e-con-boxed e-con e-child\" data-id=\"90fb163\" data-element_type=\"container\">\n\t\t\t\t\t<div class=\"e-con-inner\">\n\t\t\t\t<div class=\"elementor-element elementor-element-98afba3 elementor-widget elementor-widget-heading\" data-id=\"98afba3\" data-element_type=\"widget\" data-widget_type=\"heading.default\">\n\t\t\t\t<div class=\"elementor-widget-container\">\n\t\t\t\t\t<p class=\"elementor-heading-title elementor-size-default\">PVC-FENSTER<\/p>\t\t\t\t<\/div>\n\t\t\t\t<\/div>\n\t\t\t\t<div class=\"elementor-element elementor-element-8faa390 elementor-widget elementor-widget-heading\" data-id=\"8faa390\" data-element_type=\"widget\" data-widget_type=\"heading.default\">\n\t\t\t\t<div class=\"elementor-widget-container\">\n\t\t\t\t\t<h1 class=\"elementor-heading-title elementor-size-default\">Terrassenschiebefenster<\/h1>\t\t\t\t<\/div>\n\t\t\t\t<\/div>\n\t\t\t\t<div class=\"elementor-element elementor-element-a60d456 elementor-align-left elementor-widget elementor-widget-button\" data-id=\"a60d456\" data-element_type=\"widget\" data-widget_type=\"button.default\">\n\t\t\t\t<div class=\"elementor-widget-container\">\n\t\t\t\t\t\t\t\t\t<div class=\"elementor-button-wrapper\">\n\t\t\t\t\t<a class=\"elementor-button elementor-button-link elementor-size-xs\" href=\"https:\/\/fenster-passiv.de\/de\/angebot\/\">\n\t\t\t\t\t\t<span class=\"elementor-button-content-wrapper\">\n\t\t\t\t\t\t\t\t\t<span class=\"elementor-button-text\">VERWEIGERN<\/span>\n\t\t\t\t\t<\/span>\n\t\t\t\t\t<\/a>\n\t\t\t\t<\/div>\n\t\t\t\t\t\t\t\t<\/div>\n\t\t\t\t<\/div>\n\t\t\t\t\t<\/div>\n\t\t\t\t<\/div>\n\t\t\t\t\t<\/div>\n\t\t\t\t<\/div>\n\t\t<div class=\"elementor-element elementor-element-b789f93 e-flex e-con-boxed e-con e-parent\" data-id=\"b789f93\" data-element_type=\"container\">\n\t\t\t\t\t<div class=\"e-con-inner\">\n\t\t<div class=\"elementor-element elementor-element-ca35fbb e-con-full e-flex e-con e-child\" data-id=\"ca35fbb\" data-element_type=\"container\" data-settings=\"{&quot;background_background&quot;:&quot;classic&quot;}\">\n\t\t\t\t<\/div>\n\t\t<div class=\"elementor-element elementor-element-560a045 e-con-full e-flex e-con e-child\" data-id=\"560a045\" data-element_type=\"container\">\n\t\t\t\t<div class=\"elementor-element elementor-element-e229cf1 elementor-widget elementor-widget-heading\" data-id=\"e229cf1\" data-element_type=\"widget\" data-widget_type=\"heading.default\">\n\t\t\t\t<div class=\"elementor-widget-container\">\n\t\t\t\t\t<p class=\"elementor-heading-title elementor-size-default\">TERRASSENSCHIEBEFENSTER<\/p>\t\t\t\t<\/div>\n\t\t\t\t<\/div>\n\t\t\t\t<div class=\"elementor-element elementor-element-0049471 elementor-widget elementor-widget-heading\" data-id=\"0049471\" data-element_type=\"widget\" data-widget_type=\"heading.default\">\n\t\t\t\t<div class=\"elementor-widget-container\">\n\t\t\t\t\t<h2 class=\"elementor-heading-title elementor-size-default\">ADAMS VEKAMOTION 82 FENSTER<\/h2>\t\t\t\t<\/div>\n\t\t\t\t<\/div>\n\t\t\t\t<div class=\"elementor-element elementor-element-543d5d2 elementor-widget elementor-widget-text-editor\" data-id=\"543d5d2\" data-element_type=\"widget\" data-widget_type=\"text-editor.default\">\n\t\t\t\t<div class=\"elementor-widget-container\">\n\t\t\t\t\t\t\t\t\t<p><strong>ENERGIE-EFFIZIENZ<\/strong>\u00a0- System <strong>Adams VEKAMOTION 82<\/strong>\u00a0zeichnet sich durch eine hervorragende Energieeffizienz dank der Verwendung von Mehrkammerprofilen und einer warmen PVC-Schwelle mit sehr guter W\u00e4rmed\u00e4mmung aus. Dank ihr wird der Boden neben der T\u00fcr nicht kalt sein. Das System ist in zwei Ausf\u00fchrungen erh\u00e4ltlich:\u00a0<strong>VEKAMOTION 82<\/strong>,\u00a0<strong>VEKAMOTION 82 mit Aluminium-Auflage<\/strong>.<\/p>\t\t\t\t\t\t\t\t<\/div>\n\t\t\t\t<\/div>\n\t\t\t\t<div class=\"elementor-element elementor-element-b92e870 elementor-align-left elementor-hidden-desktop elementor-hidden-tablet elementor-hidden-mobile elementor-widget elementor-widget-button\" data-id=\"b92e870\" data-element_type=\"widget\" data-widget_type=\"button.default\">\n\t\t\t\t<div class=\"elementor-widget-container\">\n\t\t\t\t\t\t\t\t\t<div class=\"elementor-button-wrapper\">\n\t\t\t\t\t<a class=\"elementor-button elementor-button-link elementor-size-xs\" href=\"#\">\n\t\t\t\t\t\t<span class=\"elementor-button-content-wrapper\">\n\t\t\t\t\t\t\t\t\t<span class=\"elementor-button-text\">SIEHE FARBVARIANTEN<\/span>\n\t\t\t\t\t<\/span>\n\t\t\t\t\t<\/a>\n\t\t\t\t<\/div>\n\t\t\t\t\t\t\t\t<\/div>\n\t\t\t\t<\/div>\n\t\t\t\t<\/div>\n\t\t\t\t\t<\/div>\n\t\t\t\t<\/div>\n\t\t<div class=\"elementor-element elementor-element-14c3cd9 e-flex e-con-boxed e-con e-parent\" data-id=\"14c3cd9\" data-element_type=\"container\">\n\t\t\t\t\t<div class=\"e-con-inner\">\n\t\t\t\t<div class=\"elementor-element elementor-element-d8b59e3 elementor-widget elementor-widget-image\" data-id=\"d8b59e3\" data-element_type=\"widget\" data-widget_type=\"image.default\">\n\t\t\t\t<div class=\"elementor-widget-container\">\n\t\t\t\t\t\t\t\t\t\t\t\t\t\t\t<img fetchpriority=\"high\" decoding=\"async\" width=\"270\" height=\"270\" src=\"https:\/\/fenster-passiv.de\/wp-content\/uploads\/2024\/04\/6-1.webp\" class=\"attachment-full size-full wp-image-1200\" alt=\"Infografik \u00fcber Fenster mit Informationen - Gro\u00dfformat.\" srcset=\"https:\/\/fenster-passiv.de\/wp-content\/uploads\/2024\/04\/6-1.webp 177w, https:\/\/fenster-passiv.de\/wp-content\/uploads\/2024\/04\/6-1-150x150.webp 150w, https:\/\/fenster-passiv.de\/wp-content\/uploads\/2024\/04\/6-1-12x12.webp 12w\" sizes=\"(max-width: 270px) 100vw, 270px\" \/>\t\t\t\t\t\t\t\t\t\t\t\t\t\t\t<\/div>\n\t\t\t\t<\/div>\n\t\t\t\t<div class=\"elementor-element elementor-element-cc02da0 elementor-widget elementor-widget-image\" data-id=\"cc02da0\" data-element_type=\"widget\" data-widget_type=\"image.default\">\n\t\t\t\t<div class=\"elementor-widget-container\">\n\t\t\t\t\t\t\t\t\t\t\t\t\t\t\t<img decoding=\"async\" width=\"270\" height=\"270\" src=\"https:\/\/fenster-passiv.de\/wp-content\/uploads\/2024\/04\/gwarancja_50.webp\" class=\"attachment-full size-full wp-image-907\" alt=\"Informationen \u00fcber die 50-monatige Garantie auf Terrassenschiebefenster.\" srcset=\"https:\/\/fenster-passiv.de\/wp-content\/uploads\/2024\/04\/gwarancja_50.webp 177w, https:\/\/fenster-passiv.de\/wp-content\/uploads\/2024\/04\/gwarancja_50-150x150.webp 150w, https:\/\/fenster-passiv.de\/wp-content\/uploads\/2024\/04\/gwarancja_50-12x12.webp 12w\" sizes=\"(max-width: 270px) 100vw, 270px\" \/>\t\t\t\t\t\t\t\t\t\t\t\t\t\t\t<\/div>\n\t\t\t\t<\/div>\n\t\t\t\t<div class=\"elementor-element elementor-element-00787a2 elementor-widget elementor-widget-image\" data-id=\"00787a2\" data-element_type=\"widget\" data-widget_type=\"image.default\">\n\t\t\t\t<div class=\"elementor-widget-container\">\n\t\t\t\t\t\t\t\t\t\t\t\t\t\t\t<img decoding=\"async\" width=\"270\" height=\"270\" src=\"https:\/\/fenster-passiv.de\/wp-content\/uploads\/2024\/04\/klasse_a.webp\" class=\"attachment-full size-full wp-image-1201\" alt=\"Infografik \u00fcber Fenster mit Informationen - Klasse A.\" srcset=\"https:\/\/fenster-passiv.de\/wp-content\/uploads\/2024\/04\/klasse_a.webp 177w, https:\/\/fenster-passiv.de\/wp-content\/uploads\/2024\/04\/klasse_a-150x150.webp 150w, https:\/\/fenster-passiv.de\/wp-content\/uploads\/2024\/04\/klasse_a-12x12.webp 12w\" sizes=\"(max-width: 270px) 100vw, 270px\" \/>\t\t\t\t\t\t\t\t\t\t\t\t\t\t\t<\/div>\n\t\t\t\t<\/div>\n\t\t\t\t<div class=\"elementor-element elementor-element-080e178 elementor-widget elementor-widget-image\" data-id=\"080e178\" data-element_type=\"widget\" data-widget_type=\"image.default\">\n\t\t\t\t<div class=\"elementor-widget-container\">\n\t\t\t\t\t\t\t\t\t\t\t\t\t\t\t<img loading=\"lazy\" decoding=\"async\" width=\"270\" height=\"270\" src=\"https:\/\/fenster-passiv.de\/wp-content\/uploads\/2024\/04\/5.webp\" class=\"attachment-full size-full wp-image-879\" alt=\"\" srcset=\"https:\/\/fenster-passiv.de\/wp-content\/uploads\/2024\/04\/5.webp 177w, https:\/\/fenster-passiv.de\/wp-content\/uploads\/2024\/04\/5-150x150.webp 150w, https:\/\/fenster-passiv.de\/wp-content\/uploads\/2024\/04\/5-12x12.webp 12w\" sizes=\"(max-width: 270px) 100vw, 270px\" \/>\t\t\t\t\t\t\t\t\t\t\t\t\t\t\t<\/div>\n\t\t\t\t<\/div>\n\t\t\t\t<div class=\"elementor-element elementor-element-4259a89 elementor-widget elementor-widget-image\" data-id=\"4259a89\" data-element_type=\"widget\" data-widget_type=\"image.default\">\n\t\t\t\t<div class=\"elementor-widget-container\">\n\t\t\t\t\t\t\t\t\t\t\t\t\t\t\t<img loading=\"lazy\" decoding=\"async\" width=\"270\" height=\"270\" src=\"https:\/\/fenster-passiv.de\/wp-content\/uploads\/2024\/04\/2.webp\" class=\"attachment-full size-full wp-image-909\" alt=\"Infografik \u00fcber die Energieeffizienz von Terrassenschiebefenstern.\" srcset=\"https:\/\/fenster-passiv.de\/wp-content\/uploads\/2024\/04\/2.webp 177w, https:\/\/fenster-passiv.de\/wp-content\/uploads\/2024\/04\/2-150x150.webp 150w, https:\/\/fenster-passiv.de\/wp-content\/uploads\/2024\/04\/2-12x12.webp 12w\" sizes=\"(max-width: 270px) 100vw, 270px\" \/>\t\t\t\t\t\t\t\t\t\t\t\t\t\t\t<\/div>\n\t\t\t\t<\/div>\n\t\t\t\t<div class=\"elementor-element elementor-element-6531f65 elementor-widget elementor-widget-image\" data-id=\"6531f65\" data-element_type=\"widget\" data-widget_type=\"image.default\">\n\t\t\t\t<div class=\"elementor-widget-container\">\n\t\t\t\t\t\t\t\t\t\t\t\t\t\t\t<img loading=\"lazy\" decoding=\"async\" width=\"270\" height=\"270\" src=\"https:\/\/fenster-passiv.de\/wp-content\/uploads\/2024\/04\/opcja_pilot.webp\" class=\"attachment-full size-full wp-image-1202\" alt=\"Fenster-Infografik mit Informationen - M\u00f6glichkeit der Fernsteuerung.\" srcset=\"https:\/\/fenster-passiv.de\/wp-content\/uploads\/2024\/04\/opcja_pilot.webp 177w, https:\/\/fenster-passiv.de\/wp-content\/uploads\/2024\/04\/opcja_pilot-150x150.webp 150w, https:\/\/fenster-passiv.de\/wp-content\/uploads\/2024\/04\/opcja_pilot-12x12.webp 12w\" sizes=\"(max-width: 270px) 100vw, 270px\" \/>\t\t\t\t\t\t\t\t\t\t\t\t\t\t\t<\/div>\n\t\t\t\t<\/div>\n\t\t\t\t\t<\/div>\n\t\t\t\t<\/div>\n\t\t<div class=\"elementor-element elementor-element-358b01b e-flex e-con-boxed e-con e-parent\" data-id=\"358b01b\" data-element_type=\"container\">\n\t\t\t\t\t<div class=\"e-con-inner\">\n\t\t\t\t<div class=\"elementor-element elementor-element-4e40ee0 elementor-widget elementor-widget-heading\" data-id=\"4e40ee0\" data-element_type=\"widget\" data-widget_type=\"heading.default\">\n\t\t\t\t<div class=\"elementor-widget-container\">\n\t\t\t\t\t<h3 class=\"elementor-heading-title elementor-size-default\">VEKAMOTION 82 FENSTER<\/h3>\t\t\t\t<\/div>\n\t\t\t\t<\/div>\n\t\t\t\t<div class=\"elementor-element elementor-element-f36ab25 elementor-widget elementor-widget-heading\" data-id=\"f36ab25\" data-element_type=\"widget\" data-widget_type=\"heading.default\">\n\t\t\t\t<div class=\"elementor-widget-container\">\n\t\t\t\t\t<h2 class=\"elementor-heading-title elementor-size-default\">Weitere Informationen<\/h2>\t\t\t\t<\/div>\n\t\t\t\t<\/div>\n\t\t\t\t<div class=\"elementor-element elementor-element-532a186 elementor-widget elementor-widget-text-editor\" data-id=\"532a186\" data-element_type=\"widget\" data-widget_type=\"text-editor.default\">\n\t\t\t\t<div class=\"elementor-widget-container\">\n\t\t\t\t\t\t\t\t\t<p><strong>HOHE PROFILQUALIT\u00c4T<\/strong>\u00a0- Angewandt\u00a0<strong>VEKA Profil in Klasse A<\/strong>\u00a0mit einer Fl\u00fcgeltiefe von 82 mm. Die Schwellenbaugruppe mit dem Fl\u00fcgel hat in der Standardausf\u00fchrung eine Querschnittsh\u00f6he von 152 mm, w\u00e4hrend der Rahmen mit dem Fl\u00fcgel ein Gesamtma\u00df von 163 mm ergibt. Wichtig ist, dass die Schwelle so weit wie m\u00f6glich im Boden verborgen ist. W\u00a0<strong>Adams VEKAMOTION 82 Hebe-Schiebe-T\u00fcrsystem<\/strong>\u00a0werden Mehrkammer-Abdeckleisten verwendet, die nach der Montage die Schraubverbindungen abdecken. Dadurch werden die Oberfl\u00e4chen auch ohne Abdeckleisten v\u00f6llig glatt. Im Bereich des Schiebefl\u00fcgels kommt ein zweistufiges Dichtungssystem zum Einsatz. Das \u00e4u\u00dfere Dichtungssystem sorgt daf\u00fcr, dass die T\u00fcr auch bei Belastungen wie Orkanwind und Starkregen luftdicht ist.<\/p><p><strong>GROSSE VERGLASUNGEN\u00a0<\/strong>- System <strong>Adams VEKAMOTION 82<\/strong>\u00a0ist f\u00fcr den Einbau von Dreifachverglasungen mit Abmessungen von mehr als 5 m geeignet<sup>2<\/sup>\u00a0und einem Gewicht von 250 kg.<\/p><p><strong>FITTINGS<\/strong> - Im System verwendet <strong>Adams VEKAMOTION 82<\/strong>\u00a0Die Beschl\u00e4ge erm\u00f6glichen es, Terrassent\u00fcren (Schema A) bis zu 6 m Breite und 2,3 m H\u00f6he oder bis zu 5 m Breite und 2,7 m H\u00f6he (wei\u00dfe Profile) und bis zu 5 m Breite und 2,5 m H\u00f6he (farbige Profile) zu gestalten. Und 4-fl\u00fcgelig (Schema C) sogar bis zu 6,5 m breit.<br \/>Die Fl\u00fcgel des Systems Adams VEKAMOTION 82 k\u00f6nnen sowohl feststehend als auch heb- und schiebbar ausgef\u00fchrt werden, so dass sie auf die jeweiligen Bed\u00fcrfnisse abgestimmt werden k\u00f6nnen. Die Beschl\u00e4ge sind mit gelagerten Rollen und Teflon-Gleitern ausgestattet, die ein komfortables \u00d6ffnen und Schlie\u00dfen der Fl\u00fcgel erm\u00f6glichen.<\/p><p><strong>SICHERHEIT<\/strong>\u00a0- VEKAMOTION 82-Tore k\u00f6nnen mit verschiedenen Verglasungen ausgestattet werden, darunter solche mit erh\u00f6hter Einbruchhemmung, mit Stahlprofilen verst\u00e4rkte Profile sowie einbruchhemmende Beschl\u00e4ge und Schlie\u00dfsysteme. F\u00fcr die Sicherheit im Alltag sorgt au\u00dferdem eine flache, bodenb\u00fcndige, warme Schwelle der neuesten Generation mit Aluminium-Auflage.<\/p>\t\t\t\t\t\t\t\t<\/div>\n\t\t\t\t<\/div>\n\t\t\t\t\t<\/div>\n\t\t\t\t<\/div>\n\t\t\t\t<\/div>","protected":false},"excerpt":{"rendered":"<p>OKNA PCV Okna Tarasowe Przesuwne COFNIJ OKNA TARASOWE PRZESUWNE OKNA ADAMS VEKAMOTION 82 ENERGOOSZCZ\u0118DNO\u015a\u0106\u00a0\u2013 System Adams VEKAMOTION 82\u00a0cechuje si\u0119 doskona\u0142\u0105 energooszcz\u0119dno\u015bci\u0105 dzi\u0119ki zastosowaniu wielokomorowych profili oraz ciep\u0142ego progu z tworzywa PVC o bardzo dobrej termoizolacyjno\u015bci. Dzi\u0119ki niemu pod\u0142oga przy drzwiach nie b\u0119dzie zimna. System wyst\u0119puje w dw\u00f3ch wersjach:\u00a0VEKAMOTION 82,\u00a0VEKAMOTION 82 z nak\u0142adk\u0105 aluminiow\u0105. ZOBACZ WARIANTY [&hellip;]<\/p>","protected":false},"author":1,"featured_media":0,"parent":380,"menu_order":0,"comment_status":"closed","ping_status":"closed","template":"","meta":{"footnotes":""},"class_list":["post-398","page","type-page","status-publish","hentry"],"_links":{"self":[{"href":"https:\/\/fenster-passiv.de\/de\/wp-json\/wp\/v2\/pages\/398","targetHints":{"allow":["GET"]}}],"collection":[{"href":"https:\/\/fenster-passiv.de\/de\/wp-json\/wp\/v2\/pages"}],"about":[{"href":"https:\/\/fenster-passiv.de\/de\/wp-json\/wp\/v2\/types\/page"}],"author":[{"embeddable":true,"href":"https:\/\/fenster-passiv.de\/de\/wp-json\/wp\/v2\/users\/1"}],"replies":[{"embeddable":true,"href":"https:\/\/fenster-passiv.de\/de\/wp-json\/wp\/v2\/comments?post=398"}],"version-history":[{"count":31,"href":"https:\/\/fenster-passiv.de\/de\/wp-json\/wp\/v2\/pages\/398\/revisions"}],"predecessor-version":[{"id":1919,"href":"https:\/\/fenster-passiv.de\/de\/wp-json\/wp\/v2\/pages\/398\/revisions\/1919"}],"up":[{"embeddable":true,"href":"https:\/\/fenster-passiv.de\/de\/wp-json\/wp\/v2\/pages\/380"}],"wp:attachment":[{"href":"https:\/\/fenster-passiv.de\/de\/wp-json\/wp\/v2\/media?parent=398"}],"curies":[{"name":"wp","href":"https:\/\/api.w.org\/{rel}","templated":true}]}}