{"id":388,"date":"2024-03-06T10:32:49","date_gmt":"2024-03-06T10:32:49","guid":{"rendered":"https:\/\/fenster-passiv.de\/?page_id=388"},"modified":"2025-04-23T17:55:17","modified_gmt":"2025-04-23T17:55:17","slug":"hst-passiv-schiebefenster","status":"publish","type":"page","link":"https:\/\/fenster-passiv.de\/de\/angebot\/pvc-fenster\/terrassenschiebefenster\/hst-passiv-schiebefenster\/","title":{"rendered":"Okna Tarasowe Przesuwne &#8211; HST PASSIV"},"content":{"rendered":"<div data-elementor-type=\"wp-page\" data-elementor-id=\"388\" class=\"elementor elementor-388\" data-elementor-post-type=\"page\">\n\t\t\t\t<div class=\"elementor-element elementor-element-15eb901 e-flex e-con-boxed e-con e-parent\" data-id=\"15eb901\" data-element_type=\"container\" data-settings=\"{&quot;background_background&quot;:&quot;classic&quot;}\">\n\t\t\t\t\t<div class=\"e-con-inner\">\n\t\t<div class=\"elementor-element elementor-element-90fb163 e-flex e-con-boxed e-con e-child\" data-id=\"90fb163\" data-element_type=\"container\">\n\t\t\t\t\t<div class=\"e-con-inner\">\n\t\t\t\t<div class=\"elementor-element elementor-element-98afba3 elementor-widget elementor-widget-heading\" data-id=\"98afba3\" data-element_type=\"widget\" data-widget_type=\"heading.default\">\n\t\t\t\t<div class=\"elementor-widget-container\">\n\t\t\t\t\t<p class=\"elementor-heading-title elementor-size-default\">PVC-FENSTER<\/p>\t\t\t\t<\/div>\n\t\t\t\t<\/div>\n\t\t\t\t<div class=\"elementor-element elementor-element-8faa390 elementor-widget elementor-widget-heading\" data-id=\"8faa390\" data-element_type=\"widget\" data-widget_type=\"heading.default\">\n\t\t\t\t<div class=\"elementor-widget-container\">\n\t\t\t\t\t<h1 class=\"elementor-heading-title elementor-size-default\">Terrassenschiebefenster<\/h1>\t\t\t\t<\/div>\n\t\t\t\t<\/div>\n\t\t\t\t<div class=\"elementor-element elementor-element-a60d456 elementor-align-left elementor-widget elementor-widget-button\" data-id=\"a60d456\" data-element_type=\"widget\" data-widget_type=\"button.default\">\n\t\t\t\t<div class=\"elementor-widget-container\">\n\t\t\t\t\t\t\t\t\t<div class=\"elementor-button-wrapper\">\n\t\t\t\t\t<a class=\"elementor-button elementor-button-link elementor-size-xs\" href=\"https:\/\/fenster-passiv.de\/de\/angebot\/\">\n\t\t\t\t\t\t<span class=\"elementor-button-content-wrapper\">\n\t\t\t\t\t\t\t\t\t<span class=\"elementor-button-text\">VERWEIGERN<\/span>\n\t\t\t\t\t<\/span>\n\t\t\t\t\t<\/a>\n\t\t\t\t<\/div>\n\t\t\t\t\t\t\t\t<\/div>\n\t\t\t\t<\/div>\n\t\t\t\t\t<\/div>\n\t\t\t\t<\/div>\n\t\t\t\t\t<\/div>\n\t\t\t\t<\/div>\n\t\t<div class=\"elementor-element elementor-element-b789f93 e-flex e-con-boxed e-con e-parent\" data-id=\"b789f93\" data-element_type=\"container\">\n\t\t\t\t\t<div class=\"e-con-inner\">\n\t\t<div class=\"elementor-element elementor-element-ca35fbb e-con-full e-flex e-con e-child\" data-id=\"ca35fbb\" data-element_type=\"container\" data-settings=\"{&quot;background_background&quot;:&quot;classic&quot;}\">\n\t\t\t\t<\/div>\n\t\t<div class=\"elementor-element elementor-element-560a045 e-con-full e-flex e-con e-child\" data-id=\"560a045\" data-element_type=\"container\">\n\t\t\t\t<div class=\"elementor-element elementor-element-e229cf1 elementor-widget elementor-widget-heading\" data-id=\"e229cf1\" data-element_type=\"widget\" data-widget_type=\"heading.default\">\n\t\t\t\t<div class=\"elementor-widget-container\">\n\t\t\t\t\t<p class=\"elementor-heading-title elementor-size-default\">TERRASSENSCHIEBEFENSTER<\/p>\t\t\t\t<\/div>\n\t\t\t\t<\/div>\n\t\t\t\t<div class=\"elementor-element elementor-element-0049471 elementor-widget elementor-widget-heading\" data-id=\"0049471\" data-element_type=\"widget\" data-widget_type=\"heading.default\">\n\t\t\t\t<div class=\"elementor-widget-container\">\n\t\t\t\t\t<h2 class=\"elementor-heading-title elementor-size-default\">ADAMS HST PASSIV FENSTER<\/h2>\t\t\t\t<\/div>\n\t\t\t\t<\/div>\n\t\t\t\t<div class=\"elementor-element elementor-element-543d5d2 elementor-widget elementor-widget-text-editor\" data-id=\"543d5d2\" data-element_type=\"widget\" data-widget_type=\"text-editor.default\">\n\t\t\t\t<div class=\"elementor-widget-container\">\n\t\t\t\t\t\t\t\t\t<p>Bei der Suche nach HST-Schiebefenstern in mehreren Gr\u00f6\u00dfen ist das System HST PASSIV von Adams eine \u00dcberlegung wert. Fenster dieses Typs werden immer h\u00e4ufiger im Einfamilienhaus, im Passivhaus oder im energieeffizienten Bau eingesetzt. Sie verleihen dem Haus ein originelles und elegantes Aussehen und verleihen ihm Frische und Originalit\u00e4t.  Sie machen alle R\u00e4ume hell und sorgen f\u00fcr viel mehr Licht. Fenster dieser Art bieten die M\u00f6glichkeit, das Tageslicht, das nat\u00fcrliche Licht, optimal zu nutzen, was sich sicherlich auf die Senkung der Energieverbrauchskosten auswirkt. Die \u00d6ffnungsmethode der HST-Fenster, die darin besteht, den beweglichen Fl\u00fcgel hinter den festen Teil des Fensters zu schieben, spart Platz. Die Bedienung der Adams HST PASSIV-Fenster ist m\u00fchelos und erfordert keinen gro\u00dfen Kraftaufwand. Die niedrigen, flachen Schwellen sind sicher und bieten Kindern, \u00e4lteren Menschen oder Rollstuhlfahrern Bewegungsfreiheit. Robuste Beschl\u00e4ge und eine hohe Verarbeitungsqualit\u00e4t garantieren eine hohe Widerstandsf\u00e4higkeit gegen mechanische Verformungen und eine lange Lebensdauer des Produkts. Das Sicherheitspaket minimiert das Risiko von Einbr\u00fcchen oder Fenstereinbr\u00fcchen.<\/p>\t\t\t\t\t\t\t\t<\/div>\n\t\t\t\t<\/div>\n\t\t\t\t<div class=\"elementor-element elementor-element-b92e870 elementor-align-left elementor-hidden-desktop elementor-hidden-tablet elementor-hidden-mobile elementor-widget elementor-widget-button\" data-id=\"b92e870\" data-element_type=\"widget\" data-widget_type=\"button.default\">\n\t\t\t\t<div class=\"elementor-widget-container\">\n\t\t\t\t\t\t\t\t\t<div class=\"elementor-button-wrapper\">\n\t\t\t\t\t<a class=\"elementor-button elementor-button-link elementor-size-xs\" href=\"#\">\n\t\t\t\t\t\t<span class=\"elementor-button-content-wrapper\">\n\t\t\t\t\t\t\t\t\t<span class=\"elementor-button-text\">SIEHE FARBVARIANTEN<\/span>\n\t\t\t\t\t<\/span>\n\t\t\t\t\t<\/a>\n\t\t\t\t<\/div>\n\t\t\t\t\t\t\t\t<\/div>\n\t\t\t\t<\/div>\n\t\t\t\t<\/div>\n\t\t\t\t\t<\/div>\n\t\t\t\t<\/div>\n\t\t<div class=\"elementor-element elementor-element-528dc92 e-flex e-con-boxed e-con e-parent\" data-id=\"528dc92\" data-element_type=\"container\">\n\t\t\t\t\t<div class=\"e-con-inner\">\n\t\t\t\t<div class=\"elementor-element elementor-element-9019aa6 elementor-widget elementor-widget-image\" data-id=\"9019aa6\" data-element_type=\"widget\" data-widget_type=\"image.default\">\n\t\t\t\t<div class=\"elementor-widget-container\">\n\t\t\t\t\t\t\t\t\t\t\t\t\t\t\t<img fetchpriority=\"high\" decoding=\"async\" width=\"270\" height=\"270\" src=\"https:\/\/fenster-passiv.de\/wp-content\/uploads\/2024\/04\/gwarancja_50.webp\" class=\"attachment-full size-full wp-image-907\" alt=\"Informationen \u00fcber die 50-monatige Garantie auf Terrassenschiebefenster.\" srcset=\"https:\/\/fenster-passiv.de\/wp-content\/uploads\/2024\/04\/gwarancja_50.webp 177w, https:\/\/fenster-passiv.de\/wp-content\/uploads\/2024\/04\/gwarancja_50-150x150.webp 150w, https:\/\/fenster-passiv.de\/wp-content\/uploads\/2024\/04\/gwarancja_50-12x12.webp 12w\" sizes=\"(max-width: 270px) 100vw, 270px\" \/>\t\t\t\t\t\t\t\t\t\t\t\t\t\t\t<\/div>\n\t\t\t\t<\/div>\n\t\t\t\t<div class=\"elementor-element elementor-element-f3de25d elementor-widget elementor-widget-image\" data-id=\"f3de25d\" data-element_type=\"widget\" data-widget_type=\"image.default\">\n\t\t\t\t<div class=\"elementor-widget-container\">\n\t\t\t\t\t\t\t\t\t\t\t\t\t\t\t<img decoding=\"async\" width=\"270\" height=\"270\" src=\"https:\/\/fenster-passiv.de\/wp-content\/uploads\/2024\/04\/6-1.webp\" class=\"attachment-full size-full wp-image-1200\" alt=\"Infografik \u00fcber Fenster mit Informationen - Gro\u00dfformat.\" srcset=\"https:\/\/fenster-passiv.de\/wp-content\/uploads\/2024\/04\/6-1.webp 177w, https:\/\/fenster-passiv.de\/wp-content\/uploads\/2024\/04\/6-1-150x150.webp 150w, https:\/\/fenster-passiv.de\/wp-content\/uploads\/2024\/04\/6-1-12x12.webp 12w\" sizes=\"(max-width: 270px) 100vw, 270px\" \/>\t\t\t\t\t\t\t\t\t\t\t\t\t\t\t<\/div>\n\t\t\t\t<\/div>\n\t\t\t\t<div class=\"elementor-element elementor-element-d178696 elementor-widget elementor-widget-image\" data-id=\"d178696\" data-element_type=\"widget\" data-widget_type=\"image.default\">\n\t\t\t\t<div class=\"elementor-widget-container\">\n\t\t\t\t\t\t\t\t\t\t\t\t\t\t\t<img decoding=\"async\" width=\"270\" height=\"270\" src=\"https:\/\/fenster-passiv.de\/wp-content\/uploads\/2024\/04\/szczelno.webp\" class=\"attachment-full size-full wp-image-1207\" alt=\"Infografik \u00fcber Fenster mit Informationen - Luftdichtheit.\" srcset=\"https:\/\/fenster-passiv.de\/wp-content\/uploads\/2024\/04\/szczelno.webp 177w, https:\/\/fenster-passiv.de\/wp-content\/uploads\/2024\/04\/szczelno-150x150.webp 150w, https:\/\/fenster-passiv.de\/wp-content\/uploads\/2024\/04\/szczelno-12x12.webp 12w\" sizes=\"(max-width: 270px) 100vw, 270px\" \/>\t\t\t\t\t\t\t\t\t\t\t\t\t\t\t<\/div>\n\t\t\t\t<\/div>\n\t\t\t\t<div class=\"elementor-element elementor-element-f1524f6 elementor-widget elementor-widget-image\" data-id=\"f1524f6\" data-element_type=\"widget\" data-widget_type=\"image.default\">\n\t\t\t\t<div class=\"elementor-widget-container\">\n\t\t\t\t\t\t\t\t\t\t\t\t\t\t\t<img loading=\"lazy\" decoding=\"async\" width=\"270\" height=\"270\" src=\"https:\/\/fenster-passiv.de\/wp-content\/uploads\/2024\/04\/5.webp\" class=\"attachment-full size-full wp-image-879\" alt=\"\" srcset=\"https:\/\/fenster-passiv.de\/wp-content\/uploads\/2024\/04\/5.webp 177w, https:\/\/fenster-passiv.de\/wp-content\/uploads\/2024\/04\/5-150x150.webp 150w, https:\/\/fenster-passiv.de\/wp-content\/uploads\/2024\/04\/5-12x12.webp 12w\" sizes=\"(max-width: 270px) 100vw, 270px\" \/>\t\t\t\t\t\t\t\t\t\t\t\t\t\t\t<\/div>\n\t\t\t\t<\/div>\n\t\t\t\t<div class=\"elementor-element elementor-element-1fbbf4b elementor-widget elementor-widget-image\" data-id=\"1fbbf4b\" data-element_type=\"widget\" data-widget_type=\"image.default\">\n\t\t\t\t<div class=\"elementor-widget-container\">\n\t\t\t\t\t\t\t\t\t\t\t\t\t\t\t<img loading=\"lazy\" decoding=\"async\" width=\"270\" height=\"270\" src=\"https:\/\/fenster-passiv.de\/wp-content\/uploads\/2024\/04\/opcja_pilot.webp\" class=\"attachment-full size-full wp-image-1202\" alt=\"Fenster-Infografik mit Informationen - M\u00f6glichkeit der Fernsteuerung.\" srcset=\"https:\/\/fenster-passiv.de\/wp-content\/uploads\/2024\/04\/opcja_pilot.webp 177w, https:\/\/fenster-passiv.de\/wp-content\/uploads\/2024\/04\/opcja_pilot-150x150.webp 150w, https:\/\/fenster-passiv.de\/wp-content\/uploads\/2024\/04\/opcja_pilot-12x12.webp 12w\" sizes=\"(max-width: 270px) 100vw, 270px\" \/>\t\t\t\t\t\t\t\t\t\t\t\t\t\t\t<\/div>\n\t\t\t\t<\/div>\n\t\t\t\t<div class=\"elementor-element elementor-element-b3c84f2 elementor-widget elementor-widget-image\" data-id=\"b3c84f2\" data-element_type=\"widget\" data-widget_type=\"image.default\">\n\t\t\t\t<div class=\"elementor-widget-container\">\n\t\t\t\t\t\t\t\t\t\t\t\t\t\t\t<img loading=\"lazy\" decoding=\"async\" width=\"270\" height=\"270\" src=\"https:\/\/fenster-passiv.de\/wp-content\/uploads\/2024\/04\/okno_pasywne_DE.webp\" class=\"attachment-full size-full wp-image-1194\" alt=\"Fenster-Infografik mit Informationen - Passivfenster.\" srcset=\"https:\/\/fenster-passiv.de\/wp-content\/uploads\/2024\/04\/okno_pasywne_DE.webp 177w, https:\/\/fenster-passiv.de\/wp-content\/uploads\/2024\/04\/okno_pasywne_DE-150x150.webp 150w, https:\/\/fenster-passiv.de\/wp-content\/uploads\/2024\/04\/okno_pasywne_DE-12x12.webp 12w\" sizes=\"(max-width: 270px) 100vw, 270px\" \/>\t\t\t\t\t\t\t\t\t\t\t\t\t\t\t<\/div>\n\t\t\t\t<\/div>\n\t\t\t\t\t<\/div>\n\t\t\t\t<\/div>\n\t\t<div class=\"elementor-element elementor-element-358b01b e-flex e-con-boxed e-con e-parent\" data-id=\"358b01b\" data-element_type=\"container\">\n\t\t\t\t\t<div class=\"e-con-inner\">\n\t\t\t\t<div class=\"elementor-element elementor-element-4e40ee0 elementor-widget elementor-widget-heading\" data-id=\"4e40ee0\" data-element_type=\"widget\" data-widget_type=\"heading.default\">\n\t\t\t\t<div class=\"elementor-widget-container\">\n\t\t\t\t\t<p class=\"elementor-heading-title elementor-size-default\">HST PASSIV FENSTER<\/p>\t\t\t\t<\/div>\n\t\t\t\t<\/div>\n\t\t\t\t<div class=\"elementor-element elementor-element-f36ab25 elementor-widget elementor-widget-heading\" data-id=\"f36ab25\" data-element_type=\"widget\" data-widget_type=\"heading.default\">\n\t\t\t\t<div class=\"elementor-widget-container\">\n\t\t\t\t\t<h3 class=\"elementor-heading-title elementor-size-default\">Weitere Informationen<\/h3>\t\t\t\t<\/div>\n\t\t\t\t<\/div>\n\t\t\t\t<div class=\"elementor-element elementor-element-532a186 elementor-widget elementor-widget-text-editor\" data-id=\"532a186\" data-element_type=\"widget\" data-widget_type=\"text-editor.default\">\n\t\t\t\t<div class=\"elementor-widget-container\">\n\t\t\t\t\t\t\t\t\t<p>Ein wichtiger Vorteil der Adams HST PASSIV Schiebefenster ist sicherlich ihre hervorragende W\u00e4rmed\u00e4mmung, die unter anderem durch die Verwendung von tiefen Fl\u00fcgeln (85 mm) und Laibungen (197 mm) erreicht wird. \u00a0<strong>Das garantiert vor allem niedrige Heizkosten, warme R\u00e4ume und keine l\u00e4stige Zugluft<\/strong>. Die hohe Dichtigkeit der Aluplast-Profile (Klasse 8A - 450 Pa) tr\u00e4gt zur Schalld\u00e4mmung der R\u00e4ume und zu einer hervorragenden akustischen Isolierung bei. Wenn drau\u00dfen vor dem Fenster ein Gewitter oder ein Sturm tobt, werden wir zu Hause mit Sicherheit Ruhe und Frieden genie\u00dfen.<\/p><p>Die Fenster des Systems Adams HST PASSIVE k\u00f6nnen maximale Abmessungen im Bereich von 6000 mm Breite und 2500 mm H\u00f6he erreichen. Ihre Herstellung ist in jeder verf\u00fcgbaren Farbe m\u00f6glich. Au\u00dferdem gibt es mindestens mehrere verschiedene Ausf\u00fchrungen und Anordnungen von Fl\u00fcgeln und nicht zu \u00f6ffnenden Teilen. Die Auswahl h\u00e4ngt von den Bed\u00fcrfnissen und Vorstellungen des Kunden ab.<\/p>\t\t\t\t\t\t\t\t<\/div>\n\t\t\t\t<\/div>\n\t\t\t\t\t<\/div>\n\t\t\t\t<\/div>\n\t\t\t\t<\/div>","protected":false},"excerpt":{"rendered":"<p>OKNA PCV Okna Tarasowe Przesuwne COFNIJ OKNA TARASOWE PRZESUWNE OKNA ADAMS HST PASSIV Szukaj\u0105c wielogabarytowych okien przesuwnych typu HST, warto pochyli\u0107 si\u0119 nad systemem Adams HST PASSIV. Okna tego typu s\u0105 coraz cz\u0119\u015bciej stosowane w budownictwie jednorodzinnym, pasywnym lub energooszcz\u0119dnym. Zapewniaj\u0105 one niebanalny, elegancki wygl\u0105d domu, dodaj\u0105c mu \u015bwie\u017co\u015bci i oryginalno\u015bci. \u00a0Sprawiaj\u0105, i\u017c wszystkie pomieszczenia [&hellip;]<\/p>","protected":false},"author":1,"featured_media":400,"parent":380,"menu_order":0,"comment_status":"closed","ping_status":"closed","template":"","meta":{"footnotes":""},"class_list":["post-388","page","type-page","status-publish","has-post-thumbnail","hentry"],"_links":{"self":[{"href":"https:\/\/fenster-passiv.de\/de\/wp-json\/wp\/v2\/pages\/388","targetHints":{"allow":["GET"]}}],"collection":[{"href":"https:\/\/fenster-passiv.de\/de\/wp-json\/wp\/v2\/pages"}],"about":[{"href":"https:\/\/fenster-passiv.de\/de\/wp-json\/wp\/v2\/types\/page"}],"author":[{"embeddable":true,"href":"https:\/\/fenster-passiv.de\/de\/wp-json\/wp\/v2\/users\/1"}],"replies":[{"embeddable":true,"href":"https:\/\/fenster-passiv.de\/de\/wp-json\/wp\/v2\/comments?post=388"}],"version-history":[{"count":27,"href":"https:\/\/fenster-passiv.de\/de\/wp-json\/wp\/v2\/pages\/388\/revisions"}],"predecessor-version":[{"id":1922,"href":"https:\/\/fenster-passiv.de\/de\/wp-json\/wp\/v2\/pages\/388\/revisions\/1922"}],"up":[{"embeddable":true,"href":"https:\/\/fenster-passiv.de\/de\/wp-json\/wp\/v2\/pages\/380"}],"wp:featuredmedia":[{"embeddable":true,"href":"https:\/\/fenster-passiv.de\/de\/wp-json\/wp\/v2\/media\/400"}],"wp:attachment":[{"href":"https:\/\/fenster-passiv.de\/de\/wp-json\/wp\/v2\/media?parent=388"}],"curies":[{"name":"wp","href":"https:\/\/api.w.org\/{rel}","templated":true}]}}