{"id":1692,"date":"2025-02-20T09:52:27","date_gmt":"2025-02-20T09:52:27","guid":{"rendered":"https:\/\/fenster-passiv.de\/?page_id=1692"},"modified":"2025-02-20T10:17:22","modified_gmt":"2025-02-20T10:17:22","slug":"innenturen","status":"publish","type":"page","link":"https:\/\/fenster-passiv.de\/de\/angebot\/innenturen\/","title":{"rendered":"Innent\u00fcren"},"content":{"rendered":"<div data-elementor-type=\"wp-page\" data-elementor-id=\"1692\" class=\"elementor elementor-1692\" data-elementor-post-type=\"page\">\n\t\t\t\t<div class=\"elementor-element elementor-element-6c7ca63 e-flex e-con-boxed e-con e-parent\" data-id=\"6c7ca63\" data-element_type=\"container\" data-settings=\"{&quot;background_background&quot;:&quot;classic&quot;}\">\n\t\t\t\t\t<div class=\"e-con-inner\">\n\t\t<div class=\"elementor-element elementor-element-62d28d0 e-flex e-con-boxed e-con e-child\" data-id=\"62d28d0\" data-element_type=\"container\">\n\t\t\t\t\t<div class=\"e-con-inner\">\n\t\t\t\t<div class=\"elementor-element elementor-element-c8be198 elementor-widget elementor-widget-heading\" data-id=\"c8be198\" data-element_type=\"widget\" data-widget_type=\"heading.default\">\n\t\t\t\t<div class=\"elementor-widget-container\">\n\t\t\t\t\t<p class=\"elementor-heading-title elementor-size-default\">ANGEBOT<\/p>\t\t\t\t<\/div>\n\t\t\t\t<\/div>\n\t\t\t\t<div class=\"elementor-element elementor-element-38327f2 elementor-widget elementor-widget-heading\" data-id=\"38327f2\" data-element_type=\"widget\" data-widget_type=\"heading.default\">\n\t\t\t\t<div class=\"elementor-widget-container\">\n\t\t\t\t\t<h1 class=\"elementor-heading-title elementor-size-default\">Innent\u00fcren<\/h1>\t\t\t\t<\/div>\n\t\t\t\t<\/div>\n\t\t\t\t<div class=\"elementor-element elementor-element-c87aa27 elementor-align-left elementor-widget elementor-widget-button\" data-id=\"c87aa27\" data-element_type=\"widget\" data-widget_type=\"button.default\">\n\t\t\t\t<div class=\"elementor-widget-container\">\n\t\t\t\t\t\t\t\t\t<div class=\"elementor-button-wrapper\">\n\t\t\t\t\t<a class=\"elementor-button elementor-button-link elementor-size-xs\" href=\"https:\/\/fenster-passiv.de\/de\/angebot\/\">\n\t\t\t\t\t\t<span class=\"elementor-button-content-wrapper\">\n\t\t\t\t\t\t\t\t\t<span class=\"elementor-button-text\">VERWEIGERN<\/span>\n\t\t\t\t\t<\/span>\n\t\t\t\t\t<\/a>\n\t\t\t\t<\/div>\n\t\t\t\t\t\t\t\t<\/div>\n\t\t\t\t<\/div>\n\t\t\t\t\t<\/div>\n\t\t\t\t<\/div>\n\t\t\t\t\t<\/div>\n\t\t\t\t<\/div>\n\t\t<div class=\"elementor-element elementor-element-791b5b1 e-flex e-con-boxed e-con e-parent\" data-id=\"791b5b1\" data-element_type=\"container\">\n\t\t\t\t\t<div class=\"e-con-inner\">\n\t\t<div class=\"elementor-element elementor-element-93e6e8f e-con-full e-flex e-con e-child\" data-id=\"93e6e8f\" data-element_type=\"container\">\n\t\t\t\t<div class=\"elementor-element elementor-element-cd0bdf9 elementor-widget elementor-widget-heading\" data-id=\"cd0bdf9\" data-element_type=\"widget\" data-widget_type=\"heading.default\">\n\t\t\t\t<div class=\"elementor-widget-container\">\n\t\t\t\t\t<p class=\"elementor-heading-title elementor-size-default\">FENSTER, T\u00dcREN, TORE UND FENSTERL\u00c4DEN AUS PVC<\/p>\t\t\t\t<\/div>\n\t\t\t\t<\/div>\n\t\t\t\t<div class=\"elementor-element elementor-element-3d6cfe0 elementor-widget elementor-widget-text-editor\" data-id=\"3d6cfe0\" data-element_type=\"widget\" data-widget_type=\"text-editor.default\">\n\t\t\t\t<div class=\"elementor-widget-container\">\n\t\t\t\t\t\t\t\t\t<p>Innent\u00fcren sind ein wesentlicher Bestandteil der Gestaltung unseres Hauses, unserer Wohnung, unseres B\u00fcros oder \u00f6ffentlicher R\u00e4ume. Sie m\u00fcssen sich harmonisch und stilvoll in den Rest der Einrichtung einf\u00fcgen. <strong>Ein herausragendes und garantiertes Merkmal der von uns angebotenen Innent\u00fcren ist ihre hervorragende Qualit\u00e4t sowie ihre Langlebigkeit und ihr sch\u00f6nes Aussehen auch bei intensiver Nutzung.\u00a0<\/strong><br \/><br \/>Wir bieten Innent\u00fcren der deutschen Marke <strong>H\u00f6rmann<\/strong>Das Unternehmen genie\u00dft einen guten Ruf, der sich \u00fcber Jahrzehnte hinweg aufgebaut hat. Die Innent\u00fcren aus unserem Angebot gibt es in verschiedenen Farben, Formen und Ausf\u00fchrungsarten. Sie k\u00f6nnen teilweise oder vollst\u00e4ndig verglast sein. Die Oberfl\u00e4che des T\u00fcrblatts ist resistent gegen Besch\u00e4digungen, pflegeleicht und sieht immer perfekt aus.<br \/><br \/>Die T\u00fcrrahmen sind stark und robust und garantieren eine dauerhafte Installation, einfache Pflege und ein makelloses Aussehen \u00fcber Jahre hinweg. Die Beschl\u00e4ge und Kanten der T\u00fcren sind langlebig und widerstandsf\u00e4hig. Detaillierte technische Daten finden Sie in den Katalogen der Hersteller auf unserer Website.<\/p>\t\t\t\t\t\t\t\t<\/div>\n\t\t\t\t<\/div>\n\t\t\t\t<div class=\"elementor-element elementor-element-65ffe35 elementor-align-left elementor-hidden-desktop elementor-hidden-tablet elementor-hidden-mobile elementor-widget elementor-widget-button\" data-id=\"65ffe35\" data-element_type=\"widget\" data-widget_type=\"button.default\">\n\t\t\t\t<div class=\"elementor-widget-container\">\n\t\t\t\t\t\t\t\t\t<div class=\"elementor-button-wrapper\">\n\t\t\t\t\t<a class=\"elementor-button elementor-button-link elementor-size-xs\" href=\"#\">\n\t\t\t\t\t\t<span class=\"elementor-button-content-wrapper\">\n\t\t\t\t\t\t\t\t\t<span class=\"elementor-button-text\">MEHR SEHEN<\/span>\n\t\t\t\t\t<\/span>\n\t\t\t\t\t<\/a>\n\t\t\t\t<\/div>\n\t\t\t\t\t\t\t\t<\/div>\n\t\t\t\t<\/div>\n\t\t\t\t<\/div>\n\t\t\t\t\t<\/div>\n\t\t\t\t<\/div>\n\t\t<div class=\"elementor-element elementor-element-2732467 e-flex e-con-boxed e-con e-parent\" data-id=\"2732467\" data-element_type=\"container\" data-settings=\"{&quot;background_background&quot;:&quot;classic&quot;}\">\n\t\t\t\t\t<div class=\"e-con-inner\">\n\t\t<div class=\"elementor-element elementor-element-20747f3 e-con-full e-flex e-con e-child\" data-id=\"20747f3\" data-element_type=\"container\" data-settings=\"{&quot;background_background&quot;:&quot;classic&quot;}\">\n\t\t\t\t<\/div>\n\t\t<div class=\"elementor-element elementor-element-42e9f9e e-con-full e-flex e-con e-child\" data-id=\"42e9f9e\" data-element_type=\"container\">\n\t\t\t\t<div class=\"elementor-element elementor-element-b791f6c elementor-widget elementor-widget-heading\" data-id=\"b791f6c\" data-element_type=\"widget\" data-widget_type=\"heading.default\">\n\t\t\t\t<div class=\"elementor-widget-container\">\n\t\t\t\t\t<p class=\"elementor-heading-title elementor-size-default\">FENSTER, T\u00dcREN, TORE UND FENSTERL\u00c4DEN AUS PVC<\/p>\t\t\t\t<\/div>\n\t\t\t\t<\/div>\n\t\t\t\t<div class=\"elementor-element elementor-element-c2f69c6 elementor-widget elementor-widget-heading\" data-id=\"c2f69c6\" data-element_type=\"widget\" data-widget_type=\"heading.default\">\n\t\t\t\t<div class=\"elementor-widget-container\">\n\t\t\t\t\t<h1 class=\"elementor-heading-title elementor-size-default\">T\u00dcREN MIT OBERFL\u00c4CHE\nDURADECOR<\/h1>\t\t\t\t<\/div>\n\t\t\t\t<\/div>\n\t\t\t\t<div class=\"elementor-element elementor-element-25e13ca elementor-widget elementor-widget-text-editor\" data-id=\"25e13ca\" data-element_type=\"widget\" data-widget_type=\"text-editor.default\">\n\t\t\t\t<div class=\"elementor-widget-container\">\n\t\t\t\t\t\t\t\t\t<p><strong>Zimmert\u00fcren des deutschen Herstellers H\u00f6rmann verbinden Gem\u00fctlichkeit und Eleganz.<\/strong> <strong>Duradecor-Oberfl\u00e4che<\/strong> ist eine Garantie f\u00fcr leichte Pflege und Widerstandsf\u00e4higkeit gegen St\u00f6\u00dfe und andere Sch\u00e4den.\u00a0<br \/><strong>T\u00fcren aus der ProLine-Kollektion<\/strong> sind in einer Vielzahl von Strukturen, Lackfarben oder Holzfurnierausf\u00fchrungen erh\u00e4ltlich. Die T\u00fcren in den Ausf\u00fchrungen Lack-wei\u00df, Hellgrau, Esche, strukturierte Oberfl\u00e4che wei\u00df und Esche verf\u00fcgen standardm\u00e4\u00dfig \u00fcber einen hervorragenden Kantenschutz. <strong>4Sch\u00fctzen.\u00a0<\/strong><br \/><strong>DesignLine-T\u00fcren<\/strong> sind in einer breiten Palette von Profilvarianten erh\u00e4ltlich. Die T\u00fcrbl\u00e4tter sind so gefr\u00e4st, dass sie zu verschiedenen Einrichtungsstilen passen. Wir bieten Zimmert\u00fcren mit Stahlimitationsapplikationen, glatten und strukturierten Oberfl\u00e4chen an. Es stehen verschiedene Lackierungs- und Strukturvarianten zur Verf\u00fcgung. <br \/><strong>GlassLine GrooveGlass Modelle<\/strong> ist eine transparente Glasscheibe (Einscheibensicherheitsglas) mit einem satinierten Muster, das optisch mit den Profilmustern der DesignLine Groove-T\u00fcren korrespondiert.<br \/><strong>Bahnlinie<\/strong> bietet eine Kombination aus Holz und Glas, die das DesignLine-Sortiment an Holzt\u00fcren perfekt erg\u00e4nzt.<\/p>\t\t\t\t\t\t\t\t<\/div>\n\t\t\t\t<\/div>\n\t\t\t\t<div class=\"elementor-element elementor-element-b15922a elementor-align-left elementor-hidden-desktop elementor-hidden-tablet elementor-hidden-mobile elementor-widget elementor-widget-button\" data-id=\"b15922a\" data-element_type=\"widget\" data-widget_type=\"button.default\">\n\t\t\t\t<div class=\"elementor-widget-container\">\n\t\t\t\t\t\t\t\t\t<div class=\"elementor-button-wrapper\">\n\t\t\t\t\t<a class=\"elementor-button elementor-button-link elementor-size-xs\" href=\"#\">\n\t\t\t\t\t\t<span class=\"elementor-button-content-wrapper\">\n\t\t\t\t\t\t\t\t\t<span class=\"elementor-button-text\">MEHR SEHEN<\/span>\n\t\t\t\t\t<\/span>\n\t\t\t\t\t<\/a>\n\t\t\t\t<\/div>\n\t\t\t\t\t\t\t\t<\/div>\n\t\t\t\t<\/div>\n\t\t\t\t<\/div>\n\t\t\t\t\t<\/div>\n\t\t\t\t<\/div>\n\t\t<div class=\"elementor-element elementor-element-38008aa e-flex e-con-boxed e-con e-parent\" data-id=\"38008aa\" data-element_type=\"container\" data-settings=\"{&quot;background_background&quot;:&quot;classic&quot;}\">\n\t\t\t\t\t<div class=\"e-con-inner\">\n\t\t<div class=\"elementor-element elementor-element-057213d e-con-full e-flex e-con e-child\" data-id=\"057213d\" data-element_type=\"container\">\n\t\t\t\t<div class=\"elementor-element elementor-element-9a1b629 elementor-widget elementor-widget-heading\" data-id=\"9a1b629\" data-element_type=\"widget\" data-widget_type=\"heading.default\">\n\t\t\t\t<div class=\"elementor-widget-container\">\n\t\t\t\t\t<p class=\"elementor-heading-title elementor-size-default\">FENSTER, T\u00dcREN, TORE UND FENSTERL\u00c4DEN AUS PVC<\/p>\t\t\t\t<\/div>\n\t\t\t\t<\/div>\n\t\t\t\t<div class=\"elementor-element elementor-element-43f6d1b elementor-widget elementor-widget-heading\" data-id=\"43f6d1b\" data-element_type=\"widget\" data-widget_type=\"heading.default\">\n\t\t\t\t<div class=\"elementor-widget-container\">\n\t\t\t\t\t<h2 class=\"elementor-heading-title elementor-size-default\">GLAS T\u00dcREN\nGLASLINE<\/h2>\t\t\t\t<\/div>\n\t\t\t\t<\/div>\n\t\t\t\t<div class=\"elementor-element elementor-element-efbc866 elementor-widget elementor-widget-text-editor\" data-id=\"efbc866\" data-element_type=\"widget\" data-widget_type=\"text-editor.default\">\n\t\t\t\t<div class=\"elementor-widget-container\">\n\t\t\t\t\t\t\t\t\t<p>Glast\u00fcren sind zeitlos, stilvoll und elegant. Sie \u00f6ffnen den Raum optisch und schaffen einen einzigartigen Designeffekt. <strong>Alle T\u00fcren der GlassLine-Serie mit sandgestrahltem Glas sind mit einer Nanobeschichtung versehen, um die Oberfl\u00e4che vor Fingerabdr\u00fccken zu sch\u00fctzen.<\/strong><br \/>Die von uns angebotenen GlassLine-Glast\u00fcren des deutschen Herstellers H\u00f6rmann werden mit verschiedenen Techniken dekoriert. Mit der Lasertechnik lassen sich subtile Details und Schattierungen erzielen. Sandstrahlen bedeutet feine Muster auf der Glasscheibe, die resistent gegen Fingerabdr\u00fccke sind. Mit Siebdruck dekorierte T\u00fcren vereinen hohe Qualit\u00e4t und eine raffinierte Beschichtung. Das Rillenschleifen bietet ein Lichtspiel, das durch das Ph\u00e4nomen der Lichtreflexion in einem Prisma entsteht.\u00a0<br \/><b>Bei der Konstruktion von GlassLine-T\u00fcren werden folgende Glastypen verwendet: Klarglas, Wei\u00dfglas, Einscheibensicherheitsglas und Verbundsicherheitsglas.<\/b><br \/>Auf der Grundlage der oben beschriebenen Glasoberfl\u00e4chen und Schleiftechniken sind eine Reihe von T\u00fcrblattmodellen entstanden, die Sie in unserem Sortiment finden.<br \/><strong>Werfen Sie einen Blick in den Herstellerkatalog auf unserer Website!<\/strong><\/p>\t\t\t\t\t\t\t\t<\/div>\n\t\t\t\t<\/div>\n\t\t\t\t<div class=\"elementor-element elementor-element-2136551 elementor-align-left elementor-hidden-desktop elementor-hidden-tablet elementor-hidden-mobile elementor-widget elementor-widget-button\" data-id=\"2136551\" data-element_type=\"widget\" data-widget_type=\"button.default\">\n\t\t\t\t<div class=\"elementor-widget-container\">\n\t\t\t\t\t\t\t\t\t<div class=\"elementor-button-wrapper\">\n\t\t\t\t\t<a class=\"elementor-button elementor-button-link elementor-size-xs\" href=\"#\">\n\t\t\t\t\t\t<span class=\"elementor-button-content-wrapper\">\n\t\t\t\t\t\t\t\t\t<span class=\"elementor-button-text\">MEHR SEHEN<\/span>\n\t\t\t\t\t<\/span>\n\t\t\t\t\t<\/a>\n\t\t\t\t<\/div>\n\t\t\t\t\t\t\t\t<\/div>\n\t\t\t\t<\/div>\n\t\t\t\t<\/div>\n\t\t<div class=\"elementor-element elementor-element-d17c477 e-con-full e-flex e-con e-child\" data-id=\"d17c477\" data-element_type=\"container\" data-settings=\"{&quot;background_background&quot;:&quot;classic&quot;}\">\n\t\t\t\t<\/div>\n\t\t\t\t\t<\/div>\n\t\t\t\t<\/div>\n\t\t<div class=\"elementor-element elementor-element-fc4941f e-flex e-con-boxed e-con e-parent\" data-id=\"fc4941f\" data-element_type=\"container\" data-settings=\"{&quot;background_background&quot;:&quot;classic&quot;}\">\n\t\t\t\t\t<div class=\"e-con-inner\">\n\t\t<div class=\"elementor-element elementor-element-d6658fc e-con-full e-flex e-con e-child\" data-id=\"d6658fc\" data-element_type=\"container\" data-settings=\"{&quot;background_background&quot;:&quot;classic&quot;}\">\n\t\t\t\t<\/div>\n\t\t<div class=\"elementor-element elementor-element-e539f8f e-con-full e-flex e-con e-child\" data-id=\"e539f8f\" data-element_type=\"container\">\n\t\t\t\t<div class=\"elementor-element elementor-element-c9f6c5a elementor-widget elementor-widget-heading\" data-id=\"c9f6c5a\" data-element_type=\"widget\" data-widget_type=\"heading.default\">\n\t\t\t\t<div class=\"elementor-widget-container\">\n\t\t\t\t\t<h3 class=\"elementor-heading-title elementor-size-default\">FENSTER, T\u00dcREN, TORE UND FENSTERL\u00c4DEN AUS PVC<\/h3>\t\t\t\t<\/div>\n\t\t\t\t<\/div>\n\t\t\t\t<div class=\"elementor-element elementor-element-bbe68b2 elementor-widget elementor-widget-heading\" data-id=\"bbe68b2\" data-element_type=\"widget\" data-widget_type=\"heading.default\">\n\t\t\t\t<div class=\"elementor-widget-container\">\n\t\t\t\t\t<h2 class=\"elementor-heading-title elementor-size-default\">HOCHGEZOGENE STAHLT\u00dcREN, SCHIEBET\u00dcREN UND SPEZIALT\u00dcREN\nSCHIEBE- UND SPEZIALT\u00dcREN<\/h2>\t\t\t\t<\/div>\n\t\t\t\t<\/div>\n\t\t\t\t<div class=\"elementor-element elementor-element-22bd9ca elementor-widget elementor-widget-text-editor\" data-id=\"22bd9ca\" data-element_type=\"widget\" data-widget_type=\"text-editor.default\">\n\t\t\t\t<div class=\"elementor-widget-container\">\n\t\t\t\t\t\t\t\t\t<p><strong>Dachbodent\u00fcren<\/strong> des deutschen Herstellers H\u00f6rmann f\u00fcgen sich perfekt in den trendigen und modernen Industriestil ein, der auf der Kombination von Stahl und Glas basiert.<br \/>Diese Art von T\u00fcr gew\u00e4hrleistet die Trennung von R\u00e4umen und l\u00e4sst gleichzeitig viel Licht in die Innenr\u00e4ume.\u00a0<br \/><strong>Schiebet\u00fcren<\/strong> bieten eine Reihe von Optionen f\u00fcr eine optimale Raumaufteilung.  Das komplette System kann vor einer Wand oder in einer Wand montiert werden.\u00a0<br \/><strong>Umkehrbare T\u00fcren<\/strong>bei der T\u00fcrblatt und Rahmen auf der Flurseite eine einzige Ebene bilden und sich zur Raummitte hin \u00f6ffnen. So sehen Flurt\u00fcren genauso elegant aus wie b\u00fcndig abschlie\u00dfende T\u00fcren.<br \/><strong>H\u00f6lzerne T\u00fcren<\/strong> Objektt\u00fcren werden im Gewerbe- und Wohnungsbau eingesetzt. Die von uns angebotenen Holzt\u00fcren haben feuer-, rauch-, schall- und einbruchhemmende Funktionen.<br \/><strong>T\u00fcren passieren<\/strong> f\u00fcr die Garage aus unserem Sortiment sind rauchdicht und bieten Schutz vor Rauchgasen.<br \/><strong>Die detaillierten Parameter der T\u00fcren finden Sie im Katalog des Herstellers, der auf unserer Website verf\u00fcgbar ist.<\/strong><\/p>\t\t\t\t\t\t\t\t<\/div>\n\t\t\t\t<\/div>\n\t\t\t\t<div class=\"elementor-element elementor-element-116b691 elementor-align-left elementor-hidden-desktop elementor-hidden-tablet elementor-hidden-mobile elementor-widget elementor-widget-button\" data-id=\"116b691\" data-element_type=\"widget\" data-widget_type=\"button.default\">\n\t\t\t\t<div class=\"elementor-widget-container\">\n\t\t\t\t\t\t\t\t\t<div class=\"elementor-button-wrapper\">\n\t\t\t\t\t<a class=\"elementor-button elementor-button-link elementor-size-xs\" href=\"#\">\n\t\t\t\t\t\t<span class=\"elementor-button-content-wrapper\">\n\t\t\t\t\t\t\t\t\t<span class=\"elementor-button-text\">MEHR SEHEN<\/span>\n\t\t\t\t\t<\/span>\n\t\t\t\t\t<\/a>\n\t\t\t\t<\/div>\n\t\t\t\t\t\t\t\t<\/div>\n\t\t\t\t<\/div>\n\t\t\t\t<\/div>\n\t\t\t\t\t<\/div>\n\t\t\t\t<\/div>\n\t\t<div class=\"elementor-element elementor-element-74d2cce e-con-full elementor-hidden-desktop elementor-hidden-tablet elementor-hidden-mobile e-flex e-con e-parent\" data-id=\"74d2cce\" data-element_type=\"container\" data-settings=\"{&quot;background_background&quot;:&quot;classic&quot;}\">\n\t\t<div class=\"elementor-element elementor-element-d0ac475 e-flex e-con-boxed e-con e-child\" data-id=\"d0ac475\" data-element_type=\"container\">\n\t\t\t\t\t<div class=\"e-con-inner\">\n\t\t\t\t<div class=\"elementor-element elementor-element-0130e74 elementor-widget elementor-widget-heading\" data-id=\"0130e74\" data-element_type=\"widget\" data-widget_type=\"heading.default\">\n\t\t\t\t<div class=\"elementor-widget-container\">\n\t\t\t\t\t<p class=\"elementor-heading-title elementor-size-default\">KOSTENLOSE BEWERTUNG<\/p>\t\t\t\t<\/div>\n\t\t\t\t<\/div>\n\t\t\t\t<div class=\"elementor-element elementor-element-b60f1ac elementor-widget elementor-widget-heading\" data-id=\"b60f1ac\" data-element_type=\"widget\" data-widget_type=\"heading.default\">\n\t\t\t\t<div class=\"elementor-widget-container\">\n\t\t\t\t\t<p class=\"elementor-heading-title elementor-size-default\">Aufforderung zur Einreichung von Vorschl\u00e4gen<\/p>\t\t\t\t<\/div>\n\t\t\t\t<\/div>\n\t\t\t\t<div class=\"elementor-element elementor-element-8daae47 elementor-widget elementor-widget-text-editor\" data-id=\"8daae47\" data-element_type=\"widget\" data-widget_type=\"text-editor.default\">\n\t\t\t\t<div class=\"elementor-widget-container\">\n\t\t\t\t\t\t\t\t\t<p><span style=\"white-space-collapse: preserve;\">Wenn Sie an Fenstern interessiert sind, f\u00fcllen Sie bitte das untenstehende Formular aus,<\/span><\/p><p><span style=\"white-space-collapse: preserve;\">zu erhalten\u00a0<strong>ein kostenloses und unverbindliches Angebot.<\/strong><\/span><\/p>\t\t\t\t\t\t\t\t<\/div>\n\t\t\t\t<\/div>\n\t\t\t\t<div class=\"elementor-element elementor-element-ac129b8 elementor-align-center elementor-widget elementor-widget-button\" data-id=\"ac129b8\" data-element_type=\"widget\" data-widget_type=\"button.default\">\n\t\t\t\t<div class=\"elementor-widget-container\">\n\t\t\t\t\t\t\t\t\t<div class=\"elementor-button-wrapper\">\n\t\t\t\t\t<a class=\"elementor-button elementor-button-link elementor-size-xs\" href=\"#\">\n\t\t\t\t\t\t<span class=\"elementor-button-content-wrapper\">\n\t\t\t\t\t\t\t\t\t<span class=\"elementor-button-text\">ABFRAGE KONFIGURIEREN<\/span>\n\t\t\t\t\t<\/span>\n\t\t\t\t\t<\/a>\n\t\t\t\t<\/div>\n\t\t\t\t\t\t\t\t<\/div>\n\t\t\t\t<\/div>\n\t\t\t\t\t<\/div>\n\t\t\t\t<\/div>\n\t\t\t\t<\/div>\n\t\t<div class=\"elementor-element elementor-element-15a38bf e-flex e-con-boxed e-con e-parent\" data-id=\"15a38bf\" data-element_type=\"container\">\n\t\t\t\t\t<div class=\"e-con-inner\">\n\t\t\t\t<div class=\"elementor-element elementor-element-7c49769 elementor-widget elementor-widget-heading\" data-id=\"7c49769\" data-element_type=\"widget\" data-widget_type=\"heading.default\">\n\t\t\t\t<div class=\"elementor-widget-container\">\n\t\t\t\t\t<p class=\"elementor-heading-title elementor-size-default\">KOOPERATION<\/p>\t\t\t\t<\/div>\n\t\t\t\t<\/div>\n\t\t\t\t<div class=\"elementor-element elementor-element-cb3cf34 elementor-widget elementor-widget-heading\" data-id=\"cb3cf34\" data-element_type=\"widget\" data-widget_type=\"heading.default\">\n\t\t\t\t<div class=\"elementor-widget-container\">\n\t\t\t\t\t<h3 class=\"elementor-heading-title elementor-size-default\">Unsere Partner<\/h3>\t\t\t\t<\/div>\n\t\t\t\t<\/div>\n\t\t\t\t<div class=\"elementor-element elementor-element-f909be9 elementor-skin-carousel elementor-widget elementor-widget-media-carousel\" data-id=\"f909be9\" data-element_type=\"widget\" data-settings=\"{&quot;slides_per_view&quot;:&quot;6&quot;,&quot;space_between&quot;:{&quot;unit&quot;:&quot;px&quot;,&quot;size&quot;:110,&quot;sizes&quot;:[]},&quot;slides_per_view_tablet&quot;:&quot;5&quot;,&quot;slides_to_scroll_tablet&quot;:&quot;1&quot;,&quot;slides_per_view_mobile&quot;:&quot;3&quot;,&quot;skin&quot;:&quot;carousel&quot;,&quot;effect&quot;:&quot;slide&quot;,&quot;speed&quot;:500,&quot;autoplay&quot;:&quot;yes&quot;,&quot;autoplay_speed&quot;:5000,&quot;loop&quot;:&quot;yes&quot;,&quot;space_between_tablet&quot;:{&quot;unit&quot;:&quot;px&quot;,&quot;size&quot;:10,&quot;sizes&quot;:[]},&quot;space_between_mobile&quot;:{&quot;unit&quot;:&quot;px&quot;,&quot;size&quot;:10,&quot;sizes&quot;:[]}}\" data-widget_type=\"media-carousel.default\">\n\t\t\t\t<div class=\"elementor-widget-container\">\n\t\t\t\t\t\t\t\t\t<div class=\"elementor-swiper\">\n\t\t\t\t\t<div class=\"elementor-main-swiper swiper\" role=\"region\" aria-roledescription=\"carousel\" aria-label=\"Slider\" data-no-translation-aria-label=\"\">\n\t\t\t\t<div class=\"swiper-wrapper\">\n\t\t\t\t\t\t\t\t\t\t\t<div class=\"swiper-slide\" role=\"group\" aria-roledescription=\"slide\">\n\t\t\t\t\t\t\t\t\t<div class=\"elementor-carousel-image\" role=\"img\" aria-label=\"Schwarz-graues Logo des Zaunherstellers - Expert Zaune.\" style=\"background-image: url(&#039;https:\/\/fenster-passiv.de\/wp-content\/uploads\/2024\/03\/image-37.png&#039;)\">\n\n\t\t\t\n\t\t\t\t\t<\/div>\n\t\t\t\t\t\t\t\t<\/div>\n\t\t\t\t\t\t\t\t\t\t\t<div class=\"swiper-slide\" role=\"group\" aria-roledescription=\"slide\">\n\t\t\t\t\t\t\t\t\t<div class=\"elementor-carousel-image\" role=\"img\" aria-label=\"Logo WIK\u0118D.\" style=\"background-image: url(&#039;https:\/\/fenster-passiv.de\/wp-content\/uploads\/2024\/03\/image-38.png&#039;)\">\n\n\t\t\t\n\t\t\t\t\t<\/div>\n\t\t\t\t\t\t\t\t<\/div>\n\t\t\t\t\t\t\t\t\t\t\t<div class=\"swiper-slide\" role=\"group\" aria-roledescription=\"slide\">\n\t\t\t\t\t\t\t\t\t<div class=\"elementor-carousel-image\" role=\"img\" aria-label=\"Logo sOmfy.\" style=\"background-image: url(&#039;https:\/\/fenster-passiv.de\/wp-content\/uploads\/2024\/03\/image-39.png&#039;)\">\n\n\t\t\t\n\t\t\t\t\t<\/div>\n\t\t\t\t\t\t\t\t<\/div>\n\t\t\t\t\t\t\t\t\t\t\t<div class=\"swiper-slide\" role=\"group\" aria-roledescription=\"slide\">\n\t\t\t\t\t\t\t\t\t<div class=\"elementor-carousel-image\" role=\"img\" aria-label=\"Logo HORMANN.\" style=\"background-image: url(&#039;https:\/\/fenster-passiv.de\/wp-content\/uploads\/2024\/03\/image-40.png&#039;)\">\n\n\t\t\t\n\t\t\t\t\t<\/div>\n\t\t\t\t\t\t\t\t<\/div>\n\t\t\t\t\t\t\t\t\t\t\t<div class=\"swiper-slide\" role=\"group\" aria-roledescription=\"slide\">\n\t\t\t\t\t\t\t\t\t<div class=\"elementor-carousel-image\" role=\"img\" aria-label=\"Logo AdamS.\" style=\"background-image: url(&#039;https:\/\/fenster-passiv.de\/wp-content\/uploads\/2024\/03\/image-41.png&#039;)\">\n\n\t\t\t\n\t\t\t\t\t<\/div>\n\t\t\t\t\t\t\t\t<\/div>\n\t\t\t\t\t\t\t\t\t\t\t<div class=\"swiper-slide\" role=\"group\" aria-roledescription=\"slide\">\n\t\t\t\t\t\t\t\t\t<div class=\"elementor-carousel-image\" role=\"img\" aria-label=\"Logo SELT - Sun Protection System.\" style=\"background-image: url(&#039;https:\/\/fenster-passiv.de\/wp-content\/uploads\/2024\/03\/image-42.png&#039;)\">\n\n\t\t\t\n\t\t\t\t\t<\/div>\n\t\t\t\t\t\t\t\t<\/div>\n\t\t\t\t\t\t\t\t\t<\/div>\n\t\t\t\t\t\t\t\t\t\t\t\t\t\t\t\t\t\t\t\t\t<\/div>\n\t\t\t\t<\/div>\n\t\t\t\t\t\t\t\t<\/div>\n\t\t\t\t<\/div>\n\t\t\t\t\t<\/div>\n\t\t\t\t<\/div>\n\t\t\t\t<\/div>","protected":false},"excerpt":{"rendered":"<p>ANGEBOT Innent\u00fcren ZUR\u00dcCK PVC-FENSTER, T\u00dcREN, TOREN UND ROLLL\u00c4DEN Innent\u00fcren sind ein integraler Bestandteil der Einrichtung unseres Hauses, unserer Wohnung, unseres B\u00fcros oder \u00f6ffentlicher R\u00e4ume. Sie m\u00fcssen sich harmonisch und stilvoll in die \u00fcbrige Einrichtung einf\u00fcgen. Eine au\u00dfergew\u00f6hnliche und garantierte Eigenschaft der von uns angebotenen Innent\u00fcren ist ihre hervorragende Qualit\u00e4t sowie ihre Langlebigkeit und ihr sch\u00f6nes Aussehen auch bei [\u2026]<\/p>","protected":false},"author":1,"featured_media":925,"parent":77,"menu_order":0,"comment_status":"closed","ping_status":"closed","template":"","meta":{"footnotes":""},"class_list":["post-1692","page","type-page","status-publish","has-post-thumbnail","hentry"],"_links":{"self":[{"href":"https:\/\/fenster-passiv.de\/de\/wp-json\/wp\/v2\/pages\/1692","targetHints":{"allow":["GET"]}}],"collection":[{"href":"https:\/\/fenster-passiv.de\/de\/wp-json\/wp\/v2\/pages"}],"about":[{"href":"https:\/\/fenster-passiv.de\/de\/wp-json\/wp\/v2\/types\/page"}],"author":[{"embeddable":true,"href":"https:\/\/fenster-passiv.de\/de\/wp-json\/wp\/v2\/users\/1"}],"replies":[{"embeddable":true,"href":"https:\/\/fenster-passiv.de\/de\/wp-json\/wp\/v2\/comments?post=1692"}],"version-history":[{"count":31,"href":"https:\/\/fenster-passiv.de\/de\/wp-json\/wp\/v2\/pages\/1692\/revisions"}],"predecessor-version":[{"id":1728,"href":"https:\/\/fenster-passiv.de\/de\/wp-json\/wp\/v2\/pages\/1692\/revisions\/1728"}],"up":[{"embeddable":true,"href":"https:\/\/fenster-passiv.de\/de\/wp-json\/wp\/v2\/pages\/77"}],"wp:featuredmedia":[{"embeddable":true,"href":"https:\/\/fenster-passiv.de\/de\/wp-json\/wp\/v2\/media\/925"}],"wp:attachment":[{"href":"https:\/\/fenster-passiv.de\/de\/wp-json\/wp\/v2\/media?parent=1692"}],"curies":[{"name":"wp","href":"https:\/\/api.w.org\/{rel}","templated":true}]}}